{"id":524,"date":"2016-12-07T12:05:20","date_gmt":"2016-12-07T11:05:20","guid":{"rendered":"http:\/\/masterrats.com\/espais\/"},"modified":"2017-07-21T17:28:59","modified_gmt":"2017-07-21T15:28:59","slug":"espacios","status":"publish","type":"page","link":"https:\/\/masterrats.com\/es\/espacios\/","title":{"rendered":"Espacios"},"content":{"rendered":"<h4 style=\"text-align: center;\">Exteriores<\/h4>\n<p class=\"textoespais\">Lo que encontrar\u00e9is en los exteriores de Mas Terrats depende mucho de la \u00e9poca en la cual nos visit\u00e1is. Olivos, \u00e1rboles, p\u00e1jaros, cielo y paz. Olor a lavanda, campos de girasoles. Montoro alias Monty, el gato. Los jardines, la piscina y la sala polivalente. Pasead tranquilamente por Mas Terrats. Sin prisas.<\/p>\n<div class=\"productcollection\">\n<div class=\"slide1\">\n<p><img decoding=\"async\" src=\"http:\/\/masterrats.com\/wp-content\/uploads\/2017\/07\/MT-Web-Espais-Exteriors-01.jpg\" \/><\/p>\n<p class=\"peufoto\" style=\"text-align: center;\"><span style=\"font-size: 11pt;\">Entrada<\/span><\/p>\n<\/div>\n<div class=\"slide1\">\n<p><img decoding=\"async\" src=\"http:\/\/masterrats.com\/wp-content\/uploads\/2017\/07\/MT-Web-Espais-Exteriors-02.jpg\" \/><\/p>\n<p class=\"peufoto\" style=\"text-align: center;\"><span style=\"font-size: 11pt;\">Monty el gato<\/span><\/p>\n<\/div>\n<div class=\"slide1\">\n<p><img decoding=\"async\" src=\"http:\/\/masterrats.com\/wp-content\/uploads\/2017\/07\/MT-Web-Espais-Exteriors-03.jpg\" \/><\/p>\n<p class=\"peufoto\" style=\"text-align: center;\"><span style=\"font-size: 11pt;\">La casita<\/span><\/p>\n<\/div>\n<div class=\"slide1\">\n<p><img decoding=\"async\" src=\"http:\/\/masterrats.com\/wp-content\/uploads\/2017\/07\/MT-Web-Espais-Exteriors-04.jpg\" \/><\/p>\n<p class=\"peufoto\" style=\"text-align: center;\"><span style=\"font-size: 11pt;\">Vista general<\/span><\/p>\n<\/div>\n<div class=\"slide1\">\n<p><img decoding=\"async\" src=\"http:\/\/masterrats.com\/wp-content\/uploads\/2017\/07\/MT-Web-Espais-Exteriors-05.jpg\" \/><\/p>\n<p class=\"peufoto\" style=\"text-align: center;\"><span style=\"font-size: 11pt;\">Piscina<\/span><\/p>\n<\/div>\n<div class=\"slide1\">\n<p><img decoding=\"async\" src=\"http:\/\/masterrats.com\/wp-content\/uploads\/2017\/07\/MT-Web-Espais-Exteriors-06.jpg\" \/><\/p>\n<p class=\"peufoto\" style=\"text-align: center;\"><span style=\"font-size: 11pt;\">Jardines<\/span><\/p>\n<\/div>\n<div class=\"slide1\">\n<p><img decoding=\"async\" src=\"http:\/\/masterrats.com\/wp-content\/uploads\/2017\/07\/MT-Web-Espais-Exteriors-07.jpg\" \/><\/p>\n<p class=\"peufoto\" style=\"text-align: center;\"><span style=\"font-size: 11pt;\">Flores<\/span><\/p>\n<\/div>\n<div class=\"slide1\">\n<p><img decoding=\"async\" src=\"http:\/\/masterrats.com\/wp-content\/uploads\/2017\/07\/MT-Web-Espais-Exteriors-08.jpg\" \/><\/p>\n<p class=\"peufoto\" style=\"text-align: center;\"><span style=\"font-size: 11pt;\">Oliveras<\/span><\/p>\n<\/div>\n<\/div>\n<h4 style=\"text-align: center;\">La casa<\/h4>\n<p class=\"textoespais\">Los interiores son espacios amplios y con buena energ\u00eda. Adem\u00e1s, est\u00e1n decorados con mucho cari\u00f1o: modernos pero sin perder la esencia del Mas. Una cocina equipada, un comedor con una mesa muy especial, un bar con sala de juegos. En el interior, todo el mundo tambi\u00e9n tendr\u00e1 su rinc\u00f3n preferido.<\/p>\n<div class=\"productcollection\">\n<div class=\"slide1\">\n<p><img decoding=\"async\" src=\"http:\/\/masterrats.com\/wp-content\/uploads\/2017\/07\/MT-Web-Espais-Casa-01.jpg\" \/><\/p>\n<p class=\"peufoto\" style=\"text-align: center;\"><span style=\"font-size: 11pt;\">Hall<\/span><\/p>\n<\/div>\n<div class=\"slide1\">\n<p><img decoding=\"async\" src=\"http:\/\/masterrats.com\/wp-content\/uploads\/2017\/07\/MT-Web-Espais-Casa-02.jpg\" \/><\/p>\n<p class=\"peufoto\" style=\"text-align: center;\">Espera<\/p>\n<\/div>\n<div class=\"slide1\">\n<p><img decoding=\"async\" src=\"http:\/\/masterrats.com\/wp-content\/uploads\/2017\/07\/MT-Web-Espais-Casa-03.jpg\" \/><\/p>\n<p class=\"peufoto\" style=\"text-align: center;\"><span style=\"font-size: 11pt;\">Sala de estar<\/span><\/p>\n<\/div>\n<div class=\"slide1\">\n<p><img decoding=\"async\" src=\"http:\/\/masterrats.com\/wp-content\/uploads\/2017\/07\/MT-Web-Espais-Casa-04.jpg\" \/><\/p>\n<p class=\"peufoto\" style=\"text-align: center;\"><span style=\"font-size: 14.6667px;\">En petit comit\u00e9<\/span><\/p>\n<\/div>\n<div class=\"slide1\">\n<p><img decoding=\"async\" src=\"http:\/\/masterrats.com\/wp-content\/uploads\/2017\/07\/MT-Web-Espais-Casa-05.jpg\" \/><\/p>\n<p class=\"peufoto\" style=\"text-align: center;\"><span style=\"font-size: 11pt;\">Pausa billar<\/span><\/p>\n<\/div>\n<div class=\"slide1\">\n<p><img decoding=\"async\" src=\"http:\/\/masterrats.com\/wp-content\/uploads\/2017\/07\/MT-Web-Espais-Casa-06.jpg\" \/><\/p>\n<p class=\"peufoto\" style=\"text-align: center;\"><span style=\"font-size: 11pt;\">Cuando hay sed<\/span><\/p>\n<\/div>\n<div class=\"slide1\">\n<p><img decoding=\"async\" src=\"http:\/\/masterrats.com\/wp-content\/uploads\/2017\/07\/MT-Web-Espais-Casa-07.jpg\" \/><\/p>\n<p class=\"peufoto\" style=\"text-align: center;\"><span style=\"font-size: 11pt;\">Comedor grande<\/span><\/p>\n<\/div>\n<div class=\"slide1\">\n<p><img decoding=\"async\" src=\"http:\/\/masterrats.com\/wp-content\/uploads\/2017\/07\/MT-Web-Espais-Casa-08.jpg\" \/><\/p>\n<p class=\"peufoto\" style=\"text-align: center;\"><span style=\"font-size: 11pt;\">Cuando hay hambre<\/span><\/p>\n<\/div>\n<div class=\"slide1\">\n<p><img decoding=\"async\" src=\"http:\/\/masterrats.com\/wp-content\/uploads\/2017\/07\/MT-Web-Espais-Casa-09.jpg\" \/><\/p>\n<p class=\"peufoto\" style=\"text-align: center;\"><span style=\"font-size: 14.6667px;\">La cocina y los cocineros<\/span><\/p>\n<\/div>\n<div class=\"slide1\">\n<p><img decoding=\"async\" src=\"http:\/\/masterrats.com\/wp-content\/uploads\/2017\/07\/MT-Web-Espais-Casa-10.jpg\" \/><\/p>\n<p class=\"peufoto\" style=\"text-align: center;\"><span style=\"font-size: 11pt;\">Infancia vintage<\/span><\/p>\n<\/div>\n<div class=\"slide1\">\n<p><img decoding=\"async\" src=\"http:\/\/masterrats.com\/wp-content\/uploads\/2017\/07\/MT-Web-Espais-Casa-11.jpg\" \/><\/p>\n<p class=\"peufoto\" style=\"text-align: center;\"><span style=\"font-size: 11pt;\">Detalles<\/span><\/p>\n<\/div>\n<\/div>\n<div class=\"one-half first\">\n<p><img decoding=\"async\" src=\"http:\/\/masterrats.com\/wp-content\/uploads\/2017\/07\/MT-Web-Espais-Casa-Petita-01.jpg\" \/><\/p>\n<p class=\"peufoto\" style=\"text-align: center;\"><span style=\"font-size: 11pt;\">Rincones con encanto<\/span><\/p>\n<\/div>\n<div class=\"one-half\">\n<p><img decoding=\"async\" src=\"http:\/\/masterrats.com\/wp-content\/uploads\/2017\/07\/MT-Web-Espais-Casa-Petita-02.jpg\" \/><\/p>\n<p class=\"peufoto\" style=\"text-align: center;\"><span style=\"font-size: 11pt;\">El piano<\/span><\/p>\n<\/div>\n<h4 style=\"text-align: center;\">Habitaciones<\/h4>\n<p class=\"textoespais\">Est\u00e1is en l&#8217;Empord\u00e0&#8230; Mirad en cada ventana de la casa, se dibuja un cuadro de esta comarca que ha inspirado tantos y tantos artistas. Mas Terrats dispone de 9 habitaciones, todas Suites con sus ba\u00f1os propios. Dos de ellas son Suites especiales con ba\u00f1eras, y una de ellas tiene balc\u00f3n propio con vista a los jardines.<\/p>\n<div class=\"productcollection\">\n<div class=\"slide1\">\n<p><img decoding=\"async\" src=\"http:\/\/masterrats.com\/wp-content\/uploads\/2017\/07\/MT-Web-Espais-Habitacions-01.jpg\" \/><\/p>\n<p class=\"peufoto\" style=\"text-align: center;\"><span style=\"font-size: 11pt;\">Descanso, o no<\/span><\/p>\n<\/div>\n<div class=\"slide1\">\n<p><img decoding=\"async\" src=\"http:\/\/masterrats.com\/wp-content\/uploads\/2017\/07\/MT-Web-Espais-Habitacions-02.jpg\" \/><\/p>\n<p class=\"peufoto\" style=\"text-align: center;\"><span style=\"font-size: 11pt;\">Mira arriba<\/span><\/p>\n<\/div>\n<div class=\"slide1\">\n<p><img decoding=\"async\" src=\"http:\/\/masterrats.com\/wp-content\/uploads\/2017\/07\/MT-Web-Espais-Habitacions-03.jpg\" \/><\/p>\n<p class=\"peufoto\" style=\"text-align: center;\"><span style=\"font-size: 11pt;\">Luz de ambiente<\/span><\/p>\n<\/div>\n<div class=\"slide1\">\n<p><img decoding=\"async\" src=\"http:\/\/masterrats.com\/wp-content\/uploads\/2017\/07\/MT-Web-Espais-Habitacions-04.jpg\" \/><\/p>\n<p class=\"peufoto\" style=\"text-align: center;\"><span style=\"font-size: 11pt;\">Escritorio<\/span><\/p>\n<\/div>\n<div class=\"slide1\">\n<p><img decoding=\"async\" src=\"http:\/\/masterrats.com\/wp-content\/uploads\/2017\/07\/MT-Web-Espais-Habitacions-05.jpg\" \/><\/p>\n<p class=\"peufoto\" style=\"text-align: center;\"><span style=\"font-size: 11pt;\">Detalles rom\u00e1nticos<\/span><\/p>\n<\/div>\n<div class=\"slide1\">\n<p><img decoding=\"async\" src=\"http:\/\/masterrats.com\/wp-content\/uploads\/2017\/07\/MT-Web-Espais-Habitacions-06.jpg\" \/><\/p>\n<p class=\"peufoto\" style=\"text-align: center;\"><span style=\"font-size: 11pt;\">Naturaleza en tu ventana<\/span><\/p>\n<\/div>\n<div class=\"slide1\">\n<p><img decoding=\"async\" src=\"http:\/\/masterrats.com\/wp-content\/uploads\/2017\/07\/MT-Web-Espais-Habitacions-07.jpg\" \/><\/p>\n<p class=\"peufoto\" style=\"text-align: center;\"><span style=\"font-size: 11pt;\">Sala de los Arcos<\/span><\/p>\n<\/div>\n<div class=\"slide1\">\n<p><img decoding=\"async\" src=\"http:\/\/masterrats.com\/wp-content\/uploads\/2017\/07\/MT-Web-Espais-Habitacions-08.jpg\" \/><\/p>\n<p class=\"peufoto\" style=\"text-align: center;\"><span style=\"font-size: 11pt;\">Vista del entorno<\/span><\/p>\n<\/div>\n<\/div>\n<div class=\"one-half first\">\n<p><img decoding=\"async\" class=\"alignnone size-full wp-image-517\" src=\"http:\/\/masterrats.com\/wp-content\/uploads\/2017\/07\/MT-Web-Espais-Habitacions-Petites-01.jpg\" \/><\/p>\n<p class=\"peufoto\" style=\"text-align: center;\"><span style=\"font-size: 11pt;\">Luz y sombra<\/span><\/p>\n<\/div>\n<div class=\"one-half\">\n<p><img decoding=\"async\" class=\"alignnone size-full wp-image-518\" src=\"http:\/\/masterrats.com\/wp-content\/uploads\/2017\/07\/MT-Web-Espais-Habitacions-Petites-02.jpg\" \/><\/p>\n<p class=\"peufoto\" style=\"text-align: center;\"><span style=\"font-size: 11pt;\">Un momento muy especial<\/span><\/p>\n<\/div>\n<h4 style=\"text-align: center;\">Pabell\u00f3n<\/h4>\n<p class=\"textoespais\">Pabell\u00f3n, sala polivalente, sala el rac\u00f3 de les Oliveres&#8230; Le podemos dar muchos nombres pero, la verdad, es que esta sala la hac\u00e9is totalmente vuestra. Por lo tanto, tambi\u00e9n le pod\u00e9is dar vuestro nombre, \u00bfporqu\u00e9 no? Eso s\u00ed, esta sala es testigo de muchos acontecimientos que se recuerdan con una sonrisa.<\/p>\n<div class=\"productcollection\">\n<div class=\"slide1\">\n<p><img decoding=\"async\" src=\"http:\/\/masterrats.com\/wp-content\/uploads\/2017\/07\/MT-Web-Espais-Pavello-01.jpg\" \/><\/p>\n<p class=\"peufoto\" style=\"text-align: center;\"><span style=\"font-size: 11pt;\">Camino del pabell\u00f3n<\/span><\/p>\n<\/div>\n<div class=\"slide1\">\n<p><img decoding=\"async\" src=\"http:\/\/masterrats.com\/wp-content\/uploads\/2017\/07\/MT-Web-Espais-Pavello-02.jpg\" \/><\/p>\n<p class=\"peufoto\" style=\"text-align: center;\"><span style=\"font-size: 11pt;\">Pabell\u00f3n<\/span><\/p>\n<\/div>\n<div class=\"slide1\">\n<p><img decoding=\"async\" src=\"http:\/\/masterrats.com\/wp-content\/uploads\/2017\/07\/MT-Web-Espais-Pavello-03.jpg\" \/><\/p>\n<p class=\"peufoto\" style=\"text-align: center;\"><span style=\"font-size: 11pt;\">Vista general<\/span><\/p>\n<\/div>\n<div class=\"slide1\">\n<p><img decoding=\"async\" src=\"http:\/\/masterrats.com\/wp-content\/uploads\/2017\/07\/MT-Web-Espais-Pavello-04.jpg\" \/><\/p>\n<p class=\"peufoto\" style=\"text-align: center;\"><span style=\"font-size: 11pt;\">Terraza<\/span><\/p>\n<\/div>\n<div class=\"slide1\">\n<p><img decoding=\"async\" src=\"http:\/\/masterrats.com\/wp-content\/uploads\/2017\/07\/MT-Web-Espais-Pavello-05.jpg\" \/><\/p>\n<p class=\"peufoto\" style=\"text-align: center;\"><span style=\"font-size: 11pt;\">Mesa lista<\/span><\/p>\n<\/div>\n<\/div>\n<h4 style=\"text-align: center;\">Entorno<\/h4>\n<p class=\"textoespais\">Os podemos ense\u00f1ar cuatro fotos, pero hay muchas m\u00e1s cosas que ver&#8230; Lo mejor es venir en persona, en pareja, en familia, y pasear.<\/p>\n<div class=\"productcollection\">\n<div class=\"slide1\">\n<p><img decoding=\"async\" src=\"http:\/\/masterrats.com\/wp-content\/uploads\/2017\/07\/MT-Web-Espais-Entorn-01.jpg\" \/><\/p>\n<p class=\"peufoto\" style=\"text-align: center;\"><span style=\"font-size: 11pt;\">Naturaleza infinita<\/span><\/p>\n<\/div>\n<div class=\"slide1\">\n<p><img decoding=\"async\" src=\"http:\/\/masterrats.com\/wp-content\/uploads\/2017\/07\/MT-Web-Espais-Entorn-02.jpg\" \/><\/p>\n<p class=\"peufoto\" style=\"text-align: center;\"><span style=\"font-size: 11pt;\">Columpio<\/span><\/p>\n<\/div>\n<div class=\"slide1\">\n<p><img decoding=\"async\" src=\"http:\/\/masterrats.com\/wp-content\/uploads\/2017\/07\/MT-Web-Espais-Entorn-03.jpg\" \/><\/p>\n<p class=\"peufoto\" style=\"text-align: center;\"><span style=\"font-size: 11pt;\">Campos<\/span><\/p>\n<\/div>\n<div class=\"slide1\">\n<p><img decoding=\"async\" src=\"http:\/\/masterrats.com\/wp-content\/uploads\/2017\/07\/MT-Web-Espais-Entorn-04.jpg\" \/><\/p>\n<p class=\"peufoto\" style=\"text-align: center;\"><span style=\"font-size: 11pt;\">Flores silvestres<\/span><\/p>\n<\/div>\n<div class=\"slide1\">\n<p><img decoding=\"async\" src=\"http:\/\/masterrats.com\/wp-content\/uploads\/2017\/07\/MT-Web-Espais-Entorn-05.jpg\" \/><\/p>\n<p class=\"peufoto\" style=\"text-align: center;\"><span style=\"font-size: 11pt;\">El bosque encantado<\/span><\/p>\n<\/div>\n<div class=\"slide1\">\n<p><img decoding=\"async\" src=\"http:\/\/masterrats.com\/wp-content\/uploads\/2017\/07\/MT-Web-Espais-Entorn-06.jpg\" \/><\/p>\n<p class=\"peufoto\" style=\"text-align: center;\"><span style=\"font-size: 11pt;\">M\u00e1s campos<\/span><\/p>\n<\/div>\n<div class=\"slide1\">\n<p><img decoding=\"async\" src=\"http:\/\/masterrats.com\/wp-content\/uploads\/2017\/07\/MT-Web-Espais-Entorn-07.jpg\" \/><\/p>\n<p class=\"peufoto\" style=\"text-align: center;\"><span style=\"font-size: 11pt;\">Amor y naturaleza<\/span><\/p>\n<\/div>\n<div class=\"slide1\">\n<p><img decoding=\"async\" src=\"http:\/\/masterrats.com\/wp-content\/uploads\/2017\/07\/MT-Web-Espais-Entorn-08.jpg\" \/><\/p>\n<p class=\"peufoto\" style=\"text-align: center;\"><span style=\"font-size: 11pt;\">La fuente<\/span><\/p>\n<\/div>\n<\/div>\n<h4 style=\"text-align: center;\">\u00a0<a class=\"topespais\" href=\"#top\"><img decoding=\"async\" class=\"alignnone\" src=\"http:\/\/masterrats.com\/wp-content\/uploads\/2017\/07\/MS-flechas1.png\" \/><\/a><\/h4>\n","protected":false},"excerpt":{"rendered":"<p>Exteriores Lo que encontrar\u00e9is en los exteriores de Mas Terrats depende mucho de la \u00e9poca en la cual nos visit\u00e1is. Olivos, \u00e1rboles, p\u00e1jaros, cielo y paz. Olor a lavanda, campos de girasoles. Montoro alias Monty, el gato. Los jardines, la piscina y la sala polivalente. Pasead tranquilamente por Mas Terrats. Sin prisas. Entrada Monty el [&hellip;]<\/p>\n","protected":false},"author":2,"featured_media":0,"parent":0,"menu_order":0,"comment_status":"closed","ping_status":"closed","template":"","meta":{"_genesis_hide_title":false,"_genesis_hide_breadcrumbs":false,"_genesis_hide_singular_image":false,"_genesis_hide_footer_widgets":false,"_genesis_custom_body_class":"","_genesis_custom_post_class":"","_genesis_layout":"","footnotes":""},"class_list":{"0":"post-524","1":"page","2":"type-page","3":"status-publish","5":"entry"},"yoast_head":"<!-- This site is optimized with the Yoast SEO plugin v25.9 - https:\/\/yoast.com\/wordpress\/plugins\/seo\/ -->\n<title>Espacios - Mas Terrats<\/title>\n<meta name=\"robots\" content=\"index, follow, max-snippet:-1, max-image-preview:large, max-video-preview:-1\" \/>\n<link rel=\"canonical\" href=\"https:\/\/masterrats.com\/es\/espacios\/\" \/>\n<meta property=\"og:locale\" content=\"es_ES\" \/>\n<meta property=\"og:type\" content=\"article\" \/>\n<meta property=\"og:title\" content=\"Espacios - Mas Terrats\" \/>\n<meta property=\"og:description\" content=\"Exteriores Lo que encontrar\u00e9is en los exteriores de Mas Terrats depende mucho de la \u00e9poca en la cual nos visit\u00e1is. Olivos, \u00e1rboles, p\u00e1jaros, cielo y paz. Olor a lavanda, campos de girasoles. Montoro alias Monty, el gato. Los jardines, la piscina y la sala polivalente. Pasead tranquilamente por Mas Terrats. Sin prisas. Entrada Monty el [&hellip;]\" \/>\n<meta property=\"og:url\" content=\"https:\/\/masterrats.com\/es\/espacios\/\" \/>\n<meta property=\"og:site_name\" content=\"Mas Terrats\" \/>\n<meta property=\"article:publisher\" content=\"https:\/\/www.facebook.com\/MasTerratsEmporda\/\" \/>\n<meta property=\"article:modified_time\" content=\"2017-07-21T15:28:59+00:00\" \/>\n<meta property=\"og:image\" content=\"http:\/\/masterrats.com\/wp-content\/uploads\/2017\/07\/MT-Web-Espais-Exteriors-01.jpg\" \/>\n<meta name=\"twitter:card\" content=\"summary_large_image\" \/>\n<meta name=\"twitter:label1\" content=\"Tiempo de lectura\" \/>\n\t<meta name=\"twitter:data1\" content=\"2 minutos\" \/>\n<script type=\"application\/ld+json\" class=\"yoast-schema-graph\">{\"@context\":\"https:\/\/schema.org\",\"@graph\":[{\"@type\":\"WebPage\",\"@id\":\"https:\/\/masterrats.com\/es\/espacios\/\",\"url\":\"https:\/\/masterrats.com\/es\/espacios\/\",\"name\":\"Espacios - Mas Terrats\",\"isPartOf\":{\"@id\":\"https:\/\/masterrats.com\/en\/#website\"},\"primaryImageOfPage\":{\"@id\":\"https:\/\/masterrats.com\/es\/espacios\/#primaryimage\"},\"image\":{\"@id\":\"https:\/\/masterrats.com\/es\/espacios\/#primaryimage\"},\"thumbnailUrl\":\"http:\/\/masterrats.com\/wp-content\/uploads\/2017\/07\/MT-Web-Espais-Exteriors-01.jpg\",\"datePublished\":\"2016-12-07T11:05:20+00:00\",\"dateModified\":\"2017-07-21T15:28:59+00:00\",\"breadcrumb\":{\"@id\":\"https:\/\/masterrats.com\/es\/espacios\/#breadcrumb\"},\"inLanguage\":\"es\",\"potentialAction\":[{\"@type\":\"ReadAction\",\"target\":[\"https:\/\/masterrats.com\/es\/espacios\/\"]}]},{\"@type\":\"ImageObject\",\"inLanguage\":\"es\",\"@id\":\"https:\/\/masterrats.com\/es\/espacios\/#primaryimage\",\"url\":\"http:\/\/masterrats.com\/wp-content\/uploads\/2017\/07\/MT-Web-Espais-Exteriors-01.jpg\",\"contentUrl\":\"http:\/\/masterrats.com\/wp-content\/uploads\/2017\/07\/MT-Web-Espais-Exteriors-01.jpg\"},{\"@type\":\"BreadcrumbList\",\"@id\":\"https:\/\/masterrats.com\/es\/espacios\/#breadcrumb\",\"itemListElement\":[{\"@type\":\"ListItem\",\"position\":1,\"name\":\"Inici\",\"item\":\"https:\/\/masterrats.com\/en\/\"},{\"@type\":\"ListItem\",\"position\":2,\"name\":\"Espacios\"}]},{\"@type\":\"WebSite\",\"@id\":\"https:\/\/masterrats.com\/en\/#website\",\"url\":\"https:\/\/masterrats.com\/en\/\",\"name\":\"Mas Terrats\",\"description\":\"Tinc una casa a l&#039;Empord\u00e0\",\"publisher\":{\"@id\":\"https:\/\/masterrats.com\/en\/#organization\"},\"potentialAction\":[{\"@type\":\"SearchAction\",\"target\":{\"@type\":\"EntryPoint\",\"urlTemplate\":\"https:\/\/masterrats.com\/en\/?s={search_term_string}\"},\"query-input\":{\"@type\":\"PropertyValueSpecification\",\"valueRequired\":true,\"valueName\":\"search_term_string\"}}],\"inLanguage\":\"es\"},{\"@type\":\"Organization\",\"@id\":\"https:\/\/masterrats.com\/en\/#organization\",\"name\":\"Mas Terrats\",\"url\":\"https:\/\/masterrats.com\/en\/\",\"logo\":{\"@type\":\"ImageObject\",\"inLanguage\":\"es\",\"@id\":\"https:\/\/masterrats.com\/en\/#\/schema\/logo\/image\/\",\"url\":\"https:\/\/masterrats.com\/wp-content\/uploads\/2017\/07\/masterrats_header.png\",\"contentUrl\":\"https:\/\/masterrats.com\/wp-content\/uploads\/2017\/07\/masterrats_header.png\",\"width\":\"360\",\"height\":\"76\",\"caption\":\"Mas Terrats\"},\"image\":{\"@id\":\"https:\/\/masterrats.com\/en\/#\/schema\/logo\/image\/\"},\"sameAs\":[\"https:\/\/www.facebook.com\/MasTerratsEmporda\/\",\"https:\/\/www.instagram.com\/masterrats\/\"]}]}<\/script>\n<!-- \/ Yoast SEO plugin. -->","yoast_head_json":{"title":"Espacios - Mas Terrats","robots":{"index":"index","follow":"follow","max-snippet":"max-snippet:-1","max-image-preview":"max-image-preview:large","max-video-preview":"max-video-preview:-1"},"canonical":"https:\/\/masterrats.com\/es\/espacios\/","og_locale":"es_ES","og_type":"article","og_title":"Espacios - Mas Terrats","og_description":"Exteriores Lo que encontrar\u00e9is en los exteriores de Mas Terrats depende mucho de la \u00e9poca en la cual nos visit\u00e1is. Olivos, \u00e1rboles, p\u00e1jaros, cielo y paz. Olor a lavanda, campos de girasoles. Montoro alias Monty, el gato. Los jardines, la piscina y la sala polivalente. Pasead tranquilamente por Mas Terrats. Sin prisas. Entrada Monty el [&hellip;]","og_url":"https:\/\/masterrats.com\/es\/espacios\/","og_site_name":"Mas Terrats","article_publisher":"https:\/\/www.facebook.com\/MasTerratsEmporda\/","article_modified_time":"2017-07-21T15:28:59+00:00","og_image":[{"url":"http:\/\/masterrats.com\/wp-content\/uploads\/2017\/07\/MT-Web-Espais-Exteriors-01.jpg","type":"","width":"","height":""}],"twitter_card":"summary_large_image","twitter_misc":{"Tiempo de lectura":"2 minutos"},"schema":{"@context":"https:\/\/schema.org","@graph":[{"@type":"WebPage","@id":"https:\/\/masterrats.com\/es\/espacios\/","url":"https:\/\/masterrats.com\/es\/espacios\/","name":"Espacios - Mas Terrats","isPartOf":{"@id":"https:\/\/masterrats.com\/en\/#website"},"primaryImageOfPage":{"@id":"https:\/\/masterrats.com\/es\/espacios\/#primaryimage"},"image":{"@id":"https:\/\/masterrats.com\/es\/espacios\/#primaryimage"},"thumbnailUrl":"http:\/\/masterrats.com\/wp-content\/uploads\/2017\/07\/MT-Web-Espais-Exteriors-01.jpg","datePublished":"2016-12-07T11:05:20+00:00","dateModified":"2017-07-21T15:28:59+00:00","breadcrumb":{"@id":"https:\/\/masterrats.com\/es\/espacios\/#breadcrumb"},"inLanguage":"es","potentialAction":[{"@type":"ReadAction","target":["https:\/\/masterrats.com\/es\/espacios\/"]}]},{"@type":"ImageObject","inLanguage":"es","@id":"https:\/\/masterrats.com\/es\/espacios\/#primaryimage","url":"http:\/\/masterrats.com\/wp-content\/uploads\/2017\/07\/MT-Web-Espais-Exteriors-01.jpg","contentUrl":"http:\/\/masterrats.com\/wp-content\/uploads\/2017\/07\/MT-Web-Espais-Exteriors-01.jpg"},{"@type":"BreadcrumbList","@id":"https:\/\/masterrats.com\/es\/espacios\/#breadcrumb","itemListElement":[{"@type":"ListItem","position":1,"name":"Inici","item":"https:\/\/masterrats.com\/en\/"},{"@type":"ListItem","position":2,"name":"Espacios"}]},{"@type":"WebSite","@id":"https:\/\/masterrats.com\/en\/#website","url":"https:\/\/masterrats.com\/en\/","name":"Mas Terrats","description":"Tinc una casa a l&#039;Empord\u00e0","publisher":{"@id":"https:\/\/masterrats.com\/en\/#organization"},"potentialAction":[{"@type":"SearchAction","target":{"@type":"EntryPoint","urlTemplate":"https:\/\/masterrats.com\/en\/?s={search_term_string}"},"query-input":{"@type":"PropertyValueSpecification","valueRequired":true,"valueName":"search_term_string"}}],"inLanguage":"es"},{"@type":"Organization","@id":"https:\/\/masterrats.com\/en\/#organization","name":"Mas Terrats","url":"https:\/\/masterrats.com\/en\/","logo":{"@type":"ImageObject","inLanguage":"es","@id":"https:\/\/masterrats.com\/en\/#\/schema\/logo\/image\/","url":"https:\/\/masterrats.com\/wp-content\/uploads\/2017\/07\/masterrats_header.png","contentUrl":"https:\/\/masterrats.com\/wp-content\/uploads\/2017\/07\/masterrats_header.png","width":"360","height":"76","caption":"Mas Terrats"},"image":{"@id":"https:\/\/masterrats.com\/en\/#\/schema\/logo\/image\/"},"sameAs":["https:\/\/www.facebook.com\/MasTerratsEmporda\/","https:\/\/www.instagram.com\/masterrats\/"]}]}},"_links":{"self":[{"href":"https:\/\/masterrats.com\/es\/wp-json\/wp\/v2\/pages\/524","targetHints":{"allow":["GET"]}}],"collection":[{"href":"https:\/\/masterrats.com\/es\/wp-json\/wp\/v2\/pages"}],"about":[{"href":"https:\/\/masterrats.com\/es\/wp-json\/wp\/v2\/types\/page"}],"author":[{"embeddable":true,"href":"https:\/\/masterrats.com\/es\/wp-json\/wp\/v2\/users\/2"}],"replies":[{"embeddable":true,"href":"https:\/\/masterrats.com\/es\/wp-json\/wp\/v2\/comments?post=524"}],"version-history":[{"count":28,"href":"https:\/\/masterrats.com\/es\/wp-json\/wp\/v2\/pages\/524\/revisions"}],"predecessor-version":[{"id":2749,"href":"https:\/\/masterrats.com\/es\/wp-json\/wp\/v2\/pages\/524\/revisions\/2749"}],"wp:attachment":[{"href":"https:\/\/masterrats.com\/es\/wp-json\/wp\/v2\/media?parent=524"}],"curies":[{"name":"wp","href":"https:\/\/api.w.org\/{rel}","templated":true}]}}