{"id":451,"date":"2017-02-08T15:13:54","date_gmt":"2017-02-08T14:13:54","guid":{"rendered":"http:\/\/masterrats.com\/?page_id=451\/"},"modified":"2017-07-24T17:02:12","modified_gmt":"2017-07-24T15:02:12","slug":"empresa","status":"publish","type":"page","link":"https:\/\/masterrats.com\/es\/empresa\/","title":{"rendered":"Empresa"},"content":{"rendered":"<hr \/>\n<p style=\"text-align: center;\"><strong>TENGO UN DESPACHO EN L&#8217;EMPORD\u00c0. TU SEGUNDA OFICINA, LEJOS DE CASA<\/strong><\/p>\n<hr \/>\n<div>Mas Terrats tiene todos los ingredientes para convertirse durante unos d\u00edas en vuestra segunda oficina. Una mas\u00eda del S.XVII restaurada, cerca del mar, rodeada de prados y monta\u00f1as donde desconectar de la rutina diaria: Desconectar para volver a Conectar. Situado en el coraz\u00f3n de l&#8217;Empord\u00e0, Mas Terrats se encuentra en un entorno inmejorable a pocos kil\u00f3metros de Figueres, con buenas conexiones con las principales ciudades y Francia. Dejad que Mas Terrats sea vuestra oficina por unos d\u00edas y disfrutad de las instalaciones y la tranquilidad.<\/div>\n<hr \/>\n<p style=\"text-align: center;\"><strong>BIENVENIDO A TU NUEVA OFICINA<\/strong><\/p>\n<hr \/>\n<p>&nbsp;<\/p>\n<div class=\"one-fourth first\"><img decoding=\"async\" class=\"aligncenter wp-image-508\" src=\"http:\/\/masterrats.com\/wp-content\/uploads\/2017\/07\/MT-Icones-brujula.png\" \/><\/div>\n<div class=\"three-fourths\"><strong>Romper con la rutina para conseguir nuevos horizontes<\/strong><br \/>\nEncontrar la concentraci\u00f3n y aislamiento necesarios para trabajar aspectos relacionados con el equipo o para fijar los objetivos anuales. Dise\u00f1amos la estancia de principio a fin para ayudaros a conseguir los objetivos. Si, por el contrario, ven\u00eds con las jornadas preparadas, Mas Terrats y su equipo har\u00e1 lo posible para que os sint\u00e1is c\u00f3mo en casa.<\/div>\n<div class=\"clearfix\"><\/div>\n<p>&nbsp;<\/p>\n<div class=\"one-fourth first\"><img decoding=\"async\" class=\"aligncenter wp-image-507\" src=\"http:\/\/masterrats.com\/wp-content\/uploads\/2017\/07\/MT-Icones-off.png\" \/><\/div>\n<div class=\"three-fourths\"><strong>Un espacio para desconectar<\/strong><\/div>\n<div class=\"three-fourths\">Un espacio donde restablecer el equilibrio en las relaciones gracias a la desconexi\u00f3n. Permitidnos ayudar a mejorar el rendimiento de vuestros equipos: desconectar para conectar.<\/div>\n<div class=\"clearfix\"><\/div>\n<p>&nbsp;<\/p>\n<div class=\"one-fourth first\"><img decoding=\"async\" class=\"aligncenter wp-image-506\" src=\"http:\/\/masterrats.com\/wp-content\/uploads\/2017\/07\/MT-Icones-xarxa.png\" \/><\/div>\n<div class=\"three-fourths\"><strong>\u00bfCon qui\u00e9n trabajamos?<\/strong><br \/>\nTrabajamos continuamente para desarrollar nuestra gama de actividades y los servicios que ofrecemos. Estamos asociados con expertos, que nos ayudan a dise\u00f1ar experiencias \u00fanicas para tu empresa:<\/p>\n<ol>\n<li>Desconexiones<\/li>\n<li>Carreras de yates, D\u00eda de navegaci\u00f3n, Paddle Surf, Excursiones en kayak<\/li>\n<li>Monta\u00f1a, Orientaci\u00f3n, Puenting, Barranquisme, Escalada, Alpinismo<\/li>\n<li>Showcooking, Degustaciones, Cursos y Experiencias culinarias<\/li>\n<li>Yoga Privado, Grupo de relajaci\u00f3n, Masaje, Alivio de Estr\u00e9s Ocupacional<\/li>\n<li>Gu\u00edas culturales, Visitas a la ciudad, Ruta de vinos<\/li>\n<li>Excursiones en bicicleta por carretera o monta\u00f1a, Visitas guiadas, Excursiones en grupo<\/li>\n<\/ol>\n<\/div>\n<div class=\"clearfix\"><\/div>\n<hr \/>\n<p style=\"text-align: center;\"><strong>S\u00d3LO UNA IDEA&#8230;<\/strong><\/p>\n<hr \/>\n<div class=\"one-half first\"><strong>D\u00eda 1<\/strong><br \/>\nPaseo en BTT o experiencia en grupo de orientaci\u00f3n<br \/>\nTiempo para la empresa<br \/>\nComer con Catering<br \/>\nActividad de grupo<br \/>\nTiempo libre<br \/>\nYoga y masajes<br \/>\nShowcooking y degustaci\u00f3n de vino.<\/div>\n<div class=\"one-half\"><strong>D\u00eda 2<\/strong><br \/>\nActividad en grupo para conocer el entorno<br \/>\nComida de hermandad, elaboraci\u00f3n guiada por uno\/a Chef<br \/>\nConclusiones de las jornadas<br \/>\nTiempo libre para disfrutar del entorno y las instalaciones.<\/div>\n<div class=\"clearfix\"><\/div>\n<p>&nbsp;<\/p>\n<hr \/>\n<p style=\"text-align: center;\"><strong>LA REUNI\u00d3N DE SIEMPRE, PERO DIFERENTE<\/strong><\/p>\n<hr \/>\n<div class=\"one-fourth first\"><strong>D\u00e9janos desconectarte<\/strong><\/div>\n<div class=\"three-fourths\">De todas formas entendemos que a veces es complicado, por eso disponemos de conexi\u00f3n WiFi y de los equipamientos relevantes para hacer presentaciones y charlas. Piensa que s\u00f3lo cuando hacemos cosas diferentes, pasan cosas diferentes.<\/div>\n<div class=\"clearfix\"><\/div>\n<hr \/>\n<div class=\"one-fourth first\"><strong>Tu espacio<\/strong><\/div>\n<div class=\"three-fourths\">Mas Terrats os ofrece completa autonom\u00eda para poder realizar vuestras jornadas a medida. El equipo de Mas Terrats estar\u00e1 a vuestra disposici\u00f3n para cualquier petici\u00f3n especial.<\/div>\n<div class=\"clearfix\"><\/div>\n<hr \/>\n<div class=\"one-fourth first\"><strong>Os ofrecemos<\/strong><\/div>\n<div class=\"three-fourths\">\n<ol>\n<li>Alojamiento en el propio Mas. 9 habitaciones dobles espaciosas con ba\u00f1o. A poca distancia de Mas Terrats tenemos varios establecimientos que tambi\u00e9n ofrecen alojamiento,<\/li>\n<li>Nos adaptamos a vuestras necesidades. El equipo propio de Mas Terrats estar\u00e1 para asistiros durante vuestra estancia,<\/li>\n<li>Posibilidades de servicio de catering durante la estancia.<\/li>\n<\/ol>\n<\/div>\n<div class=\"clearfix\"><\/div>\n<hr \/>\n","protected":false},"excerpt":{"rendered":"<p>TENGO UN DESPACHO EN L&#8217;EMPORD\u00c0. TU SEGUNDA OFICINA, LEJOS DE CASA Mas Terrats tiene todos los ingredientes para convertirse durante unos d\u00edas en vuestra segunda oficina. Una mas\u00eda del S.XVII restaurada, cerca del mar, rodeada de prados y monta\u00f1as donde desconectar de la rutina diaria: Desconectar para volver a Conectar. Situado en el coraz\u00f3n de [&hellip;]<\/p>\n","protected":false},"author":2,"featured_media":0,"parent":0,"menu_order":0,"comment_status":"closed","ping_status":"closed","template":"","meta":{"_genesis_hide_title":false,"_genesis_hide_breadcrumbs":false,"_genesis_hide_singular_image":false,"_genesis_hide_footer_widgets":false,"_genesis_custom_body_class":"","_genesis_custom_post_class":"","_genesis_layout":"","footnotes":""},"class_list":{"0":"post-451","1":"page","2":"type-page","3":"status-publish","5":"entry"},"yoast_head":"<!-- This site is optimized with the Yoast SEO plugin v25.9 - https:\/\/yoast.com\/wordpress\/plugins\/seo\/ -->\n<title>Empresa - Mas Terrats<\/title>\n<meta name=\"robots\" content=\"index, follow, max-snippet:-1, max-image-preview:large, max-video-preview:-1\" \/>\n<link rel=\"canonical\" href=\"https:\/\/masterrats.com\/es\/empresa\/\" \/>\n<meta property=\"og:locale\" content=\"es_ES\" \/>\n<meta property=\"og:type\" content=\"article\" \/>\n<meta property=\"og:title\" content=\"Empresa - Mas Terrats\" \/>\n<meta property=\"og:description\" content=\"TENGO UN DESPACHO EN L&#8217;EMPORD\u00c0. TU SEGUNDA OFICINA, LEJOS DE CASA Mas Terrats tiene todos los ingredientes para convertirse durante unos d\u00edas en vuestra segunda oficina. Una mas\u00eda del S.XVII restaurada, cerca del mar, rodeada de prados y monta\u00f1as donde desconectar de la rutina diaria: Desconectar para volver a Conectar. Situado en el coraz\u00f3n de [&hellip;]\" \/>\n<meta property=\"og:url\" content=\"https:\/\/masterrats.com\/es\/empresa\/\" \/>\n<meta property=\"og:site_name\" content=\"Mas Terrats\" \/>\n<meta property=\"article:publisher\" content=\"https:\/\/www.facebook.com\/MasTerratsEmporda\/\" \/>\n<meta property=\"article:modified_time\" content=\"2017-07-24T15:02:12+00:00\" \/>\n<meta property=\"og:image\" content=\"http:\/\/masterrats.com\/wp-content\/uploads\/2017\/07\/MT-Icones-brujula.png\" \/>\n<meta name=\"twitter:card\" content=\"summary_large_image\" \/>\n<meta name=\"twitter:label1\" content=\"Tiempo de lectura\" \/>\n\t<meta name=\"twitter:data1\" content=\"3 minutos\" \/>\n<script type=\"application\/ld+json\" class=\"yoast-schema-graph\">{\"@context\":\"https:\/\/schema.org\",\"@graph\":[{\"@type\":\"WebPage\",\"@id\":\"https:\/\/masterrats.com\/es\/empresa\/\",\"url\":\"https:\/\/masterrats.com\/es\/empresa\/\",\"name\":\"Empresa - Mas Terrats\",\"isPartOf\":{\"@id\":\"https:\/\/masterrats.com\/en\/#website\"},\"primaryImageOfPage\":{\"@id\":\"https:\/\/masterrats.com\/es\/empresa\/#primaryimage\"},\"image\":{\"@id\":\"https:\/\/masterrats.com\/es\/empresa\/#primaryimage\"},\"thumbnailUrl\":\"http:\/\/masterrats.com\/wp-content\/uploads\/2017\/07\/MT-Icones-brujula.png\",\"datePublished\":\"2017-02-08T14:13:54+00:00\",\"dateModified\":\"2017-07-24T15:02:12+00:00\",\"breadcrumb\":{\"@id\":\"https:\/\/masterrats.com\/es\/empresa\/#breadcrumb\"},\"inLanguage\":\"es\",\"potentialAction\":[{\"@type\":\"ReadAction\",\"target\":[\"https:\/\/masterrats.com\/es\/empresa\/\"]}]},{\"@type\":\"ImageObject\",\"inLanguage\":\"es\",\"@id\":\"https:\/\/masterrats.com\/es\/empresa\/#primaryimage\",\"url\":\"http:\/\/masterrats.com\/wp-content\/uploads\/2017\/07\/MT-Icones-brujula.png\",\"contentUrl\":\"http:\/\/masterrats.com\/wp-content\/uploads\/2017\/07\/MT-Icones-brujula.png\"},{\"@type\":\"BreadcrumbList\",\"@id\":\"https:\/\/masterrats.com\/es\/empresa\/#breadcrumb\",\"itemListElement\":[{\"@type\":\"ListItem\",\"position\":1,\"name\":\"Inici\",\"item\":\"https:\/\/masterrats.com\/en\/\"},{\"@type\":\"ListItem\",\"position\":2,\"name\":\"Empresa\"}]},{\"@type\":\"WebSite\",\"@id\":\"https:\/\/masterrats.com\/en\/#website\",\"url\":\"https:\/\/masterrats.com\/en\/\",\"name\":\"Mas Terrats\",\"description\":\"Tinc una casa a l&#039;Empord\u00e0\",\"publisher\":{\"@id\":\"https:\/\/masterrats.com\/en\/#organization\"},\"potentialAction\":[{\"@type\":\"SearchAction\",\"target\":{\"@type\":\"EntryPoint\",\"urlTemplate\":\"https:\/\/masterrats.com\/en\/?s={search_term_string}\"},\"query-input\":{\"@type\":\"PropertyValueSpecification\",\"valueRequired\":true,\"valueName\":\"search_term_string\"}}],\"inLanguage\":\"es\"},{\"@type\":\"Organization\",\"@id\":\"https:\/\/masterrats.com\/en\/#organization\",\"name\":\"Mas Terrats\",\"url\":\"https:\/\/masterrats.com\/en\/\",\"logo\":{\"@type\":\"ImageObject\",\"inLanguage\":\"es\",\"@id\":\"https:\/\/masterrats.com\/en\/#\/schema\/logo\/image\/\",\"url\":\"https:\/\/masterrats.com\/wp-content\/uploads\/2017\/07\/masterrats_header.png\",\"contentUrl\":\"https:\/\/masterrats.com\/wp-content\/uploads\/2017\/07\/masterrats_header.png\",\"width\":\"360\",\"height\":\"76\",\"caption\":\"Mas Terrats\"},\"image\":{\"@id\":\"https:\/\/masterrats.com\/en\/#\/schema\/logo\/image\/\"},\"sameAs\":[\"https:\/\/www.facebook.com\/MasTerratsEmporda\/\",\"https:\/\/www.instagram.com\/masterrats\/\"]}]}<\/script>\n<!-- \/ Yoast SEO plugin. -->","yoast_head_json":{"title":"Empresa - Mas Terrats","robots":{"index":"index","follow":"follow","max-snippet":"max-snippet:-1","max-image-preview":"max-image-preview:large","max-video-preview":"max-video-preview:-1"},"canonical":"https:\/\/masterrats.com\/es\/empresa\/","og_locale":"es_ES","og_type":"article","og_title":"Empresa - Mas Terrats","og_description":"TENGO UN DESPACHO EN L&#8217;EMPORD\u00c0. TU SEGUNDA OFICINA, LEJOS DE CASA Mas Terrats tiene todos los ingredientes para convertirse durante unos d\u00edas en vuestra segunda oficina. Una mas\u00eda del S.XVII restaurada, cerca del mar, rodeada de prados y monta\u00f1as donde desconectar de la rutina diaria: Desconectar para volver a Conectar. Situado en el coraz\u00f3n de [&hellip;]","og_url":"https:\/\/masterrats.com\/es\/empresa\/","og_site_name":"Mas Terrats","article_publisher":"https:\/\/www.facebook.com\/MasTerratsEmporda\/","article_modified_time":"2017-07-24T15:02:12+00:00","og_image":[{"url":"http:\/\/masterrats.com\/wp-content\/uploads\/2017\/07\/MT-Icones-brujula.png","type":"","width":"","height":""}],"twitter_card":"summary_large_image","twitter_misc":{"Tiempo de lectura":"3 minutos"},"schema":{"@context":"https:\/\/schema.org","@graph":[{"@type":"WebPage","@id":"https:\/\/masterrats.com\/es\/empresa\/","url":"https:\/\/masterrats.com\/es\/empresa\/","name":"Empresa - Mas Terrats","isPartOf":{"@id":"https:\/\/masterrats.com\/en\/#website"},"primaryImageOfPage":{"@id":"https:\/\/masterrats.com\/es\/empresa\/#primaryimage"},"image":{"@id":"https:\/\/masterrats.com\/es\/empresa\/#primaryimage"},"thumbnailUrl":"http:\/\/masterrats.com\/wp-content\/uploads\/2017\/07\/MT-Icones-brujula.png","datePublished":"2017-02-08T14:13:54+00:00","dateModified":"2017-07-24T15:02:12+00:00","breadcrumb":{"@id":"https:\/\/masterrats.com\/es\/empresa\/#breadcrumb"},"inLanguage":"es","potentialAction":[{"@type":"ReadAction","target":["https:\/\/masterrats.com\/es\/empresa\/"]}]},{"@type":"ImageObject","inLanguage":"es","@id":"https:\/\/masterrats.com\/es\/empresa\/#primaryimage","url":"http:\/\/masterrats.com\/wp-content\/uploads\/2017\/07\/MT-Icones-brujula.png","contentUrl":"http:\/\/masterrats.com\/wp-content\/uploads\/2017\/07\/MT-Icones-brujula.png"},{"@type":"BreadcrumbList","@id":"https:\/\/masterrats.com\/es\/empresa\/#breadcrumb","itemListElement":[{"@type":"ListItem","position":1,"name":"Inici","item":"https:\/\/masterrats.com\/en\/"},{"@type":"ListItem","position":2,"name":"Empresa"}]},{"@type":"WebSite","@id":"https:\/\/masterrats.com\/en\/#website","url":"https:\/\/masterrats.com\/en\/","name":"Mas Terrats","description":"Tinc una casa a l&#039;Empord\u00e0","publisher":{"@id":"https:\/\/masterrats.com\/en\/#organization"},"potentialAction":[{"@type":"SearchAction","target":{"@type":"EntryPoint","urlTemplate":"https:\/\/masterrats.com\/en\/?s={search_term_string}"},"query-input":{"@type":"PropertyValueSpecification","valueRequired":true,"valueName":"search_term_string"}}],"inLanguage":"es"},{"@type":"Organization","@id":"https:\/\/masterrats.com\/en\/#organization","name":"Mas Terrats","url":"https:\/\/masterrats.com\/en\/","logo":{"@type":"ImageObject","inLanguage":"es","@id":"https:\/\/masterrats.com\/en\/#\/schema\/logo\/image\/","url":"https:\/\/masterrats.com\/wp-content\/uploads\/2017\/07\/masterrats_header.png","contentUrl":"https:\/\/masterrats.com\/wp-content\/uploads\/2017\/07\/masterrats_header.png","width":"360","height":"76","caption":"Mas Terrats"},"image":{"@id":"https:\/\/masterrats.com\/en\/#\/schema\/logo\/image\/"},"sameAs":["https:\/\/www.facebook.com\/MasTerratsEmporda\/","https:\/\/www.instagram.com\/masterrats\/"]}]}},"_links":{"self":[{"href":"https:\/\/masterrats.com\/es\/wp-json\/wp\/v2\/pages\/451","targetHints":{"allow":["GET"]}}],"collection":[{"href":"https:\/\/masterrats.com\/es\/wp-json\/wp\/v2\/pages"}],"about":[{"href":"https:\/\/masterrats.com\/es\/wp-json\/wp\/v2\/types\/page"}],"author":[{"embeddable":true,"href":"https:\/\/masterrats.com\/es\/wp-json\/wp\/v2\/users\/2"}],"replies":[{"embeddable":true,"href":"https:\/\/masterrats.com\/es\/wp-json\/wp\/v2\/comments?post=451"}],"version-history":[{"count":34,"href":"https:\/\/masterrats.com\/es\/wp-json\/wp\/v2\/pages\/451\/revisions"}],"predecessor-version":[{"id":2837,"href":"https:\/\/masterrats.com\/es\/wp-json\/wp\/v2\/pages\/451\/revisions\/2837"}],"wp:attachment":[{"href":"https:\/\/masterrats.com\/es\/wp-json\/wp\/v2\/media?parent=451"}],"curies":[{"name":"wp","href":"https:\/\/api.w.org\/{rel}","templated":true}]}}