{"id":413,"date":"2016-12-07T12:49:07","date_gmt":"2016-12-07T11:49:07","guid":{"rendered":"http:\/\/masterrats.com\/contact\/"},"modified":"2025-05-03T20:11:12","modified_gmt":"2025-05-03T18:11:12","slug":"contacto","status":"publish","type":"page","link":"https:\/\/masterrats.com\/es\/contacto\/","title":{"rendered":"Contacto"},"content":{"rendered":"<hr \/>\n<div class=\"one-half first\">\n<h4><strong>Llama y hablamos. Expl\u00edcanos qu\u00e9 quieres hacer, crear o celebrar en Mas Terrats y concierta tu visita. Si eres m\u00e1s de escribir, puedes enviarnos un email.<\/strong><\/h4>\n<\/div>\n<div class=\"one-half\">\n<p style=\"text-align: left;\">(+34) 872 00 40 27<\/p>\n<p style=\"text-align: left;\"><a href=\"mailto:hola@masterrats.com\">hola@masterrats.com<\/a><\/p>\n<p style=\"text-align: left;\"><a href=\"https:\/\/www.facebook.com\/MasTerratsEmporda\/\" target=\"_blank\" rel=\"noopener\">Facebook<\/a><\/p>\n<p style=\"text-align: left;\"><a href=\"https:\/\/www.instagram.com\/masterrats\" target=\"_blank\" rel=\"noopener\">Instagram<\/a><\/p>\n<p style=\"text-align: left;\">\n<\/div>\n<hr \/>\n<p>&nbsp;<\/p>\n","protected":false},"excerpt":{"rendered":"<p>Llama y hablamos. Expl\u00edcanos qu\u00e9 quieres hacer, crear o celebrar en Mas Terrats y concierta tu visita. Si eres m\u00e1s de escribir, puedes enviarnos un email. (+34) 872 00 40 27 hola@masterrats.com Facebook Instagram &nbsp;<\/p>\n","protected":false},"author":2,"featured_media":0,"parent":0,"menu_order":0,"comment_status":"closed","ping_status":"closed","template":"","meta":{"_genesis_hide_title":false,"_genesis_hide_breadcrumbs":false,"_genesis_hide_singular_image":false,"_genesis_hide_footer_widgets":false,"_genesis_custom_body_class":"","_genesis_custom_post_class":"","_genesis_layout":"","footnotes":""},"class_list":{"0":"post-413","1":"page","2":"type-page","3":"status-publish","5":"entry"},"yoast_head":"<!-- This site is optimized with the Yoast SEO plugin v25.9 - https:\/\/yoast.com\/wordpress\/plugins\/seo\/ -->\n<title>Contacto - Mas Terrats<\/title>\n<meta name=\"robots\" content=\"index, follow, max-snippet:-1, max-image-preview:large, max-video-preview:-1\" \/>\n<link rel=\"canonical\" href=\"https:\/\/masterrats.com\/es\/contacto\/\" \/>\n<meta property=\"og:locale\" content=\"es_ES\" \/>\n<meta property=\"og:type\" content=\"article\" \/>\n<meta property=\"og:title\" content=\"Contacto - Mas Terrats\" \/>\n<meta property=\"og:description\" content=\"Llama y hablamos. Expl\u00edcanos qu\u00e9 quieres hacer, crear o celebrar en Mas Terrats y concierta tu visita. Si eres m\u00e1s de escribir, puedes enviarnos un email. (+34) 872 00 40 27 hola@masterrats.com Facebook Instagram &nbsp;\" \/>\n<meta property=\"og:url\" content=\"https:\/\/masterrats.com\/es\/contacto\/\" \/>\n<meta property=\"og:site_name\" content=\"Mas Terrats\" \/>\n<meta property=\"article:publisher\" content=\"https:\/\/www.facebook.com\/MasTerratsEmporda\/\" \/>\n<meta property=\"article:modified_time\" content=\"2025-05-03T18:11:12+00:00\" \/>\n<meta name=\"twitter:card\" content=\"summary_large_image\" \/>\n<script type=\"application\/ld+json\" class=\"yoast-schema-graph\">{\"@context\":\"https:\/\/schema.org\",\"@graph\":[{\"@type\":\"WebPage\",\"@id\":\"https:\/\/masterrats.com\/es\/contacto\/\",\"url\":\"https:\/\/masterrats.com\/es\/contacto\/\",\"name\":\"Contacto - Mas Terrats\",\"isPartOf\":{\"@id\":\"https:\/\/masterrats.com\/en\/#website\"},\"datePublished\":\"2016-12-07T11:49:07+00:00\",\"dateModified\":\"2025-05-03T18:11:12+00:00\",\"breadcrumb\":{\"@id\":\"https:\/\/masterrats.com\/es\/contacto\/#breadcrumb\"},\"inLanguage\":\"es\",\"potentialAction\":[{\"@type\":\"ReadAction\",\"target\":[\"https:\/\/masterrats.com\/es\/contacto\/\"]}]},{\"@type\":\"BreadcrumbList\",\"@id\":\"https:\/\/masterrats.com\/es\/contacto\/#breadcrumb\",\"itemListElement\":[{\"@type\":\"ListItem\",\"position\":1,\"name\":\"Inici\",\"item\":\"https:\/\/masterrats.com\/en\/\"},{\"@type\":\"ListItem\",\"position\":2,\"name\":\"Contacto\"}]},{\"@type\":\"WebSite\",\"@id\":\"https:\/\/masterrats.com\/en\/#website\",\"url\":\"https:\/\/masterrats.com\/en\/\",\"name\":\"Mas Terrats\",\"description\":\"Tinc una casa a l&#039;Empord\u00e0\",\"publisher\":{\"@id\":\"https:\/\/masterrats.com\/en\/#organization\"},\"potentialAction\":[{\"@type\":\"SearchAction\",\"target\":{\"@type\":\"EntryPoint\",\"urlTemplate\":\"https:\/\/masterrats.com\/en\/?s={search_term_string}\"},\"query-input\":{\"@type\":\"PropertyValueSpecification\",\"valueRequired\":true,\"valueName\":\"search_term_string\"}}],\"inLanguage\":\"es\"},{\"@type\":\"Organization\",\"@id\":\"https:\/\/masterrats.com\/en\/#organization\",\"name\":\"Mas Terrats\",\"url\":\"https:\/\/masterrats.com\/en\/\",\"logo\":{\"@type\":\"ImageObject\",\"inLanguage\":\"es\",\"@id\":\"https:\/\/masterrats.com\/en\/#\/schema\/logo\/image\/\",\"url\":\"https:\/\/masterrats.com\/wp-content\/uploads\/2017\/07\/masterrats_header.png\",\"contentUrl\":\"https:\/\/masterrats.com\/wp-content\/uploads\/2017\/07\/masterrats_header.png\",\"width\":\"360\",\"height\":\"76\",\"caption\":\"Mas Terrats\"},\"image\":{\"@id\":\"https:\/\/masterrats.com\/en\/#\/schema\/logo\/image\/\"},\"sameAs\":[\"https:\/\/www.facebook.com\/MasTerratsEmporda\/\",\"https:\/\/www.instagram.com\/masterrats\/\"]}]}<\/script>\n<!-- \/ Yoast SEO plugin. -->","yoast_head_json":{"title":"Contacto - Mas Terrats","robots":{"index":"index","follow":"follow","max-snippet":"max-snippet:-1","max-image-preview":"max-image-preview:large","max-video-preview":"max-video-preview:-1"},"canonical":"https:\/\/masterrats.com\/es\/contacto\/","og_locale":"es_ES","og_type":"article","og_title":"Contacto - Mas Terrats","og_description":"Llama y hablamos. Expl\u00edcanos qu\u00e9 quieres hacer, crear o celebrar en Mas Terrats y concierta tu visita. Si eres m\u00e1s de escribir, puedes enviarnos un email. (+34) 872 00 40 27 hola@masterrats.com Facebook Instagram &nbsp;","og_url":"https:\/\/masterrats.com\/es\/contacto\/","og_site_name":"Mas Terrats","article_publisher":"https:\/\/www.facebook.com\/MasTerratsEmporda\/","article_modified_time":"2025-05-03T18:11:12+00:00","twitter_card":"summary_large_image","schema":{"@context":"https:\/\/schema.org","@graph":[{"@type":"WebPage","@id":"https:\/\/masterrats.com\/es\/contacto\/","url":"https:\/\/masterrats.com\/es\/contacto\/","name":"Contacto - Mas Terrats","isPartOf":{"@id":"https:\/\/masterrats.com\/en\/#website"},"datePublished":"2016-12-07T11:49:07+00:00","dateModified":"2025-05-03T18:11:12+00:00","breadcrumb":{"@id":"https:\/\/masterrats.com\/es\/contacto\/#breadcrumb"},"inLanguage":"es","potentialAction":[{"@type":"ReadAction","target":["https:\/\/masterrats.com\/es\/contacto\/"]}]},{"@type":"BreadcrumbList","@id":"https:\/\/masterrats.com\/es\/contacto\/#breadcrumb","itemListElement":[{"@type":"ListItem","position":1,"name":"Inici","item":"https:\/\/masterrats.com\/en\/"},{"@type":"ListItem","position":2,"name":"Contacto"}]},{"@type":"WebSite","@id":"https:\/\/masterrats.com\/en\/#website","url":"https:\/\/masterrats.com\/en\/","name":"Mas Terrats","description":"Tinc una casa a l&#039;Empord\u00e0","publisher":{"@id":"https:\/\/masterrats.com\/en\/#organization"},"potentialAction":[{"@type":"SearchAction","target":{"@type":"EntryPoint","urlTemplate":"https:\/\/masterrats.com\/en\/?s={search_term_string}"},"query-input":{"@type":"PropertyValueSpecification","valueRequired":true,"valueName":"search_term_string"}}],"inLanguage":"es"},{"@type":"Organization","@id":"https:\/\/masterrats.com\/en\/#organization","name":"Mas Terrats","url":"https:\/\/masterrats.com\/en\/","logo":{"@type":"ImageObject","inLanguage":"es","@id":"https:\/\/masterrats.com\/en\/#\/schema\/logo\/image\/","url":"https:\/\/masterrats.com\/wp-content\/uploads\/2017\/07\/masterrats_header.png","contentUrl":"https:\/\/masterrats.com\/wp-content\/uploads\/2017\/07\/masterrats_header.png","width":"360","height":"76","caption":"Mas Terrats"},"image":{"@id":"https:\/\/masterrats.com\/en\/#\/schema\/logo\/image\/"},"sameAs":["https:\/\/www.facebook.com\/MasTerratsEmporda\/","https:\/\/www.instagram.com\/masterrats\/"]}]}},"_links":{"self":[{"href":"https:\/\/masterrats.com\/es\/wp-json\/wp\/v2\/pages\/413","targetHints":{"allow":["GET"]}}],"collection":[{"href":"https:\/\/masterrats.com\/es\/wp-json\/wp\/v2\/pages"}],"about":[{"href":"https:\/\/masterrats.com\/es\/wp-json\/wp\/v2\/types\/page"}],"author":[{"embeddable":true,"href":"https:\/\/masterrats.com\/es\/wp-json\/wp\/v2\/users\/2"}],"replies":[{"embeddable":true,"href":"https:\/\/masterrats.com\/es\/wp-json\/wp\/v2\/comments?post=413"}],"version-history":[{"count":14,"href":"https:\/\/masterrats.com\/es\/wp-json\/wp\/v2\/pages\/413\/revisions"}],"predecessor-version":[{"id":4729,"href":"https:\/\/masterrats.com\/es\/wp-json\/wp\/v2\/pages\/413\/revisions\/4729"}],"wp:attachment":[{"href":"https:\/\/masterrats.com\/es\/wp-json\/wp\/v2\/media?parent=413"}],"curies":[{"name":"wp","href":"https:\/\/api.w.org\/{rel}","templated":true}]}}