{"id":384,"date":"2016-12-07T12:46:41","date_gmt":"2016-12-07T11:46:41","guid":{"rendered":"http:\/\/masterrats.com\/casament\/"},"modified":"2024-03-19T22:22:50","modified_gmt":"2024-03-19T20:22:50","slug":"boda","status":"publish","type":"page","link":"https:\/\/masterrats.com\/es\/boda\/","title":{"rendered":"Boda"},"content":{"rendered":"\n<p><\/p>\n<hr \/>\n<p style=\"text-align: center;\"><strong>SI BUSQUEU EL LLOC PERFECTE PER LA VOSTRA CELEBRACI\u00d3, LA VOSTRA RECERCA ACABA A MAS TERRATS!<\/strong><\/p>\n<hr \/>\n<div class=\"one-half first\">El cam\u00ed fins aqu\u00ed pot no haver estat f\u00e0cil, potser haureu trobat alguns entrebancs. Sigui com sigui, estem molt contents que h\u00e0giu pres la decisi\u00f3 de continuar-lo aqu\u00ed. Amb nosaltres. Benvinguts a Mas Terrats. Des de fa molts anys, hem tingut la sort de celebrar casaments molt diferents i de gaudir de cadascuna de les parelles a qui hem pogut acompanyar en un dia tan especial. Malgrat ser tan diferents, tots tenen una cosa en com\u00fa&#8230; El qu\u00e8? Haver escollit Mas Terrats per celebrar-ho!<\/div>\n<div class=\"one-half\">Cada casament s&#8217;ha preparat amb molt\u00edssima dedicaci\u00f3, emoci\u00f3 i felicitat per aix\u00ed poder gaudir, amb la fam\u00edlia i amics, de records que perduraran tota una vida. Aix\u00f2 \u00e9s el que fa Mas Terrats \u00fanic, una casa familiar on l&#8217;emoci\u00f3 i els records es donen la m\u00e0 amb la hist\u00f2ria. \u00c9s dif\u00edcil viure l&#8217;experi\u00e8ncia sense haver visitat el Mas&#8230; \u00e9s per aix\u00f2 que us volem convidar que vingueu a visitar-nos. Estar\u00edem encantats de poder-vos donar la benvinguda i fer-vos sentir que sempre tindreu una casa a l&#8217;Empord\u00e0.<\/div>\n<div class=\"clearfix\">\u00a0<\/div>\n<hr \/>\n<p style=\"text-align: center;\"><strong>ESTAR\u00cdEM ENCANTATS DE REBRE-US I QUE US CONVERT\u00cdSSIU EN PART DE LA HIST\u00d2RIA DE MAS TERRATS\u00a0<\/strong><\/p>\n<hr \/>\n<p>\u00a0<\/p>\n<div class=\"one-fourth first\"><img decoding=\"async\" class=\"wp-image-473 aligncenter\" src=\"http:\/\/masterrats.com\/wp-content\/uploads\/2017\/07\/MT-Icone-clau.png\" \/><\/div>\n<div class=\"three-fourths\"><b><span class=\"\">Llibertat, \u00e9s casa vostra<\/span><\/b><\/div>\n<div class=\"three-fourths\">Mas Terrats \u00e9s la vostra segona llar. Durant l&#8217;estada, l&#8217;heu de sentir vostra. Teniu la llibertat de gaudir de tot l&#8217;espai i totes les seves instal\u00b7lacions. Estem sempre a la vostra disposici\u00f3 per ajudar amb qualsevol petici\u00f3 especial que tingueu.<\/div>\n<div class=\"clearfix\">\u00a0<\/div>\n<p>\u00a0<\/p>\n<div class=\"one-fourth first\"><img decoding=\"async\" class=\"wp-image-472 aligncenter\" src=\"http:\/\/masterrats.com\/wp-content\/uploads\/2017\/07\/MT-Icones-anillo.png\" \/><\/div>\n<div class=\"three-fourths\"><b class=\"\"><span class=\"\">Experi\u00e8ncia i especialitzaci\u00f3 en el sector<\/span><\/b><\/div>\n<div class=\"three-fourths\">Tenim l&#8217;experi\u00e8ncia i els coneixements necessaris perqu\u00e8 el vostre casament esdevingui un dels dies m\u00e9s especials i feli\u00e7os de la vostra vida. Per aix\u00f2 som un dels espais de celebraci\u00f3 m\u00e9s estimats a l&#8217;Empord\u00e0.<\/div>\n<div class=\"clearfix\">\u00a0<\/div>\n<p>\u00a0<\/p>\n<div class=\"one-fourth first\"><img decoding=\"async\" class=\"wp-image-471 aligncenter\" src=\"http:\/\/masterrats.com\/wp-content\/uploads\/2017\/07\/MT-Icones-finestra.png\" \/><\/div>\n<div class=\"three-fourths\"><b class=\"\"><span class=\"\">Espais interiors i exteriors aut\u00e8ntics<\/span><\/b><\/div>\n<div class=\"three-fourths\">Amb 9 habitacions dobles molt espaioses (amb bany complert), un espai exterior cobert privilegiat, aix\u00ed com quasi 100 hect\u00e0rees de terreny natural i jardins; estem segurs que a Mas Terrats hi trobareu la ubicaci\u00f3 perfecta per la celebraci\u00f3 de la cerim\u00f2nia i la festa.<\/div>\n<div class=\"clearfix\">\u00a0<\/div>\n<p>\u00a0<\/p>\n<hr \/>\n<p style=\"text-align: center;\"><strong>PREGUNTES FREQ\u00dcENTS<\/strong><\/p>\n<hr \/>\n<div class=\"one-fourth first\"><strong>1. On es situa Mas Terrats?<\/strong><\/div>\n<div class=\"three-fourths\">Mas Terrats est\u00e0 situat a l&#8217;Empord\u00e0, al cor de Catalunya. \u00c9s un espai de f\u00e0cil acc\u00e9s, a 10 min de Figueres, 20 min de Girona i aproximadament a 1h20 de Barcelona. Ens trobar\u00e0s a les afores del bonic poble de Pont\u00f3s, al final del cam\u00ed.<\/div>\n<div class=\"clearfix\">\u00a0<\/div>\n<hr \/>\n<div class=\"one-fourth first\"><strong>2. Quina pot ser la durada de la meva estada?<\/strong><\/div>\n<div class=\"three-fourths\">Pots estar-hi tot el temps que vulguis. Normalment, Mas Terrats es lloga pel cap de setmana sencer \u2013 3 dies i 2 nits, de divendres a diumenge. Per\u00f2 si desitgessis estar-hi m\u00e9s dies, nom\u00e9s cal que ens ho facis saber i farem tot el que estigui de la nostra m\u00e0 per dissenyar una estada al teu gust.<\/div>\n<div class=\"clearfix\">\u00a0<\/div>\n<hr \/>\n<div class=\"one-fourth first\"><strong>3. Quin \u00e9s el cost de Mas Terrats?<\/strong><\/div>\n<div class=\"three-fourths\">La teva estada es fa a mida. El preu total dependr\u00e0 de la data, del nombre de dies, l&#8217;\u00e8poca de l&#8217;any, si se celebra entre setmana, cap de setmana, festiu, etc. Per qu\u00e8 no vens a visitar-nos i contemplem les diferents opcions mentre descobreixes el Mas? El cor et va dir de seguida que era ell o ella, veritat? Et passar\u00e0 el mateix amb Mas Terrats, ho sabr\u00e0s de seguida.<\/div>\n<div class=\"clearfix\">\u00a0<\/div>\n<hr \/>\n","protected":false},"excerpt":{"rendered":"<p>SI BUSQUEU EL LLOC PERFECTE PER LA VOSTRA CELEBRACI\u00d3, LA VOSTRA RECERCA ACABA A MAS TERRATS! El cam\u00ed fins aqu\u00ed pot no haver estat f\u00e0cil, potser haureu trobat alguns entrebancs. Sigui com sigui, estem molt contents que h\u00e0giu pres la decisi\u00f3 de continuar-lo aqu\u00ed. Amb nosaltres. Benvinguts a Mas Terrats. Des de fa molts anys, [&hellip;]<\/p>\n","protected":false},"author":2,"featured_media":0,"parent":0,"menu_order":0,"comment_status":"closed","ping_status":"closed","template":"","meta":{"_genesis_hide_title":false,"_genesis_hide_breadcrumbs":false,"_genesis_hide_singular_image":false,"_genesis_hide_footer_widgets":false,"_genesis_custom_body_class":"","_genesis_custom_post_class":"","_genesis_layout":"","footnotes":""},"class_list":{"0":"post-384","1":"page","2":"type-page","3":"status-publish","5":"entry"},"yoast_head":"<!-- This site is optimized with the Yoast SEO plugin v25.9 - https:\/\/yoast.com\/wordpress\/plugins\/seo\/ -->\n<title>Boda - Mas Terrats<\/title>\n<meta name=\"robots\" content=\"index, follow, max-snippet:-1, max-image-preview:large, max-video-preview:-1\" \/>\n<link rel=\"canonical\" href=\"https:\/\/masterrats.com\/es\/boda\/\" \/>\n<meta property=\"og:locale\" content=\"es_ES\" \/>\n<meta property=\"og:type\" content=\"article\" \/>\n<meta property=\"og:title\" content=\"Boda - Mas Terrats\" \/>\n<meta property=\"og:description\" content=\"SI BUSQUEU EL LLOC PERFECTE PER LA VOSTRA CELEBRACI\u00d3, LA VOSTRA RECERCA ACABA A MAS TERRATS! El cam\u00ed fins aqu\u00ed pot no haver estat f\u00e0cil, potser haureu trobat alguns entrebancs. Sigui com sigui, estem molt contents que h\u00e0giu pres la decisi\u00f3 de continuar-lo aqu\u00ed. Amb nosaltres. Benvinguts a Mas Terrats. Des de fa molts anys, [&hellip;]\" \/>\n<meta property=\"og:url\" content=\"https:\/\/masterrats.com\/es\/boda\/\" \/>\n<meta property=\"og:site_name\" content=\"Mas Terrats\" \/>\n<meta property=\"article:publisher\" content=\"https:\/\/www.facebook.com\/MasTerratsEmporda\/\" \/>\n<meta property=\"article:modified_time\" content=\"2024-03-19T20:22:50+00:00\" \/>\n<meta property=\"og:image\" content=\"http:\/\/masterrats.com\/wp-content\/uploads\/2017\/07\/MT-Icone-clau.png\" \/>\n<meta name=\"twitter:card\" content=\"summary_large_image\" \/>\n<meta name=\"twitter:label1\" content=\"Tiempo de lectura\" \/>\n\t<meta name=\"twitter:data1\" content=\"3 minutos\" \/>\n<script type=\"application\/ld+json\" class=\"yoast-schema-graph\">{\"@context\":\"https:\/\/schema.org\",\"@graph\":[{\"@type\":\"WebPage\",\"@id\":\"https:\/\/masterrats.com\/es\/boda\/\",\"url\":\"https:\/\/masterrats.com\/es\/boda\/\",\"name\":\"Boda - Mas Terrats\",\"isPartOf\":{\"@id\":\"https:\/\/masterrats.com\/en\/#website\"},\"primaryImageOfPage\":{\"@id\":\"https:\/\/masterrats.com\/es\/boda\/#primaryimage\"},\"image\":{\"@id\":\"https:\/\/masterrats.com\/es\/boda\/#primaryimage\"},\"thumbnailUrl\":\"http:\/\/masterrats.com\/wp-content\/uploads\/2017\/07\/MT-Icone-clau.png\",\"datePublished\":\"2016-12-07T11:46:41+00:00\",\"dateModified\":\"2024-03-19T20:22:50+00:00\",\"breadcrumb\":{\"@id\":\"https:\/\/masterrats.com\/es\/boda\/#breadcrumb\"},\"inLanguage\":\"es\",\"potentialAction\":[{\"@type\":\"ReadAction\",\"target\":[\"https:\/\/masterrats.com\/es\/boda\/\"]}]},{\"@type\":\"ImageObject\",\"inLanguage\":\"es\",\"@id\":\"https:\/\/masterrats.com\/es\/boda\/#primaryimage\",\"url\":\"http:\/\/masterrats.com\/wp-content\/uploads\/2017\/07\/MT-Icone-clau.png\",\"contentUrl\":\"http:\/\/masterrats.com\/wp-content\/uploads\/2017\/07\/MT-Icone-clau.png\"},{\"@type\":\"BreadcrumbList\",\"@id\":\"https:\/\/masterrats.com\/es\/boda\/#breadcrumb\",\"itemListElement\":[{\"@type\":\"ListItem\",\"position\":1,\"name\":\"Inici\",\"item\":\"https:\/\/masterrats.com\/en\/\"},{\"@type\":\"ListItem\",\"position\":2,\"name\":\"Boda\"}]},{\"@type\":\"WebSite\",\"@id\":\"https:\/\/masterrats.com\/en\/#website\",\"url\":\"https:\/\/masterrats.com\/en\/\",\"name\":\"Mas Terrats\",\"description\":\"Tinc una casa a l&#039;Empord\u00e0\",\"publisher\":{\"@id\":\"https:\/\/masterrats.com\/en\/#organization\"},\"potentialAction\":[{\"@type\":\"SearchAction\",\"target\":{\"@type\":\"EntryPoint\",\"urlTemplate\":\"https:\/\/masterrats.com\/en\/?s={search_term_string}\"},\"query-input\":{\"@type\":\"PropertyValueSpecification\",\"valueRequired\":true,\"valueName\":\"search_term_string\"}}],\"inLanguage\":\"es\"},{\"@type\":\"Organization\",\"@id\":\"https:\/\/masterrats.com\/en\/#organization\",\"name\":\"Mas Terrats\",\"url\":\"https:\/\/masterrats.com\/en\/\",\"logo\":{\"@type\":\"ImageObject\",\"inLanguage\":\"es\",\"@id\":\"https:\/\/masterrats.com\/en\/#\/schema\/logo\/image\/\",\"url\":\"https:\/\/masterrats.com\/wp-content\/uploads\/2017\/07\/masterrats_header.png\",\"contentUrl\":\"https:\/\/masterrats.com\/wp-content\/uploads\/2017\/07\/masterrats_header.png\",\"width\":\"360\",\"height\":\"76\",\"caption\":\"Mas Terrats\"},\"image\":{\"@id\":\"https:\/\/masterrats.com\/en\/#\/schema\/logo\/image\/\"},\"sameAs\":[\"https:\/\/www.facebook.com\/MasTerratsEmporda\/\",\"https:\/\/www.instagram.com\/masterrats\/\"]}]}<\/script>\n<!-- \/ Yoast SEO plugin. -->","yoast_head_json":{"title":"Boda - Mas Terrats","robots":{"index":"index","follow":"follow","max-snippet":"max-snippet:-1","max-image-preview":"max-image-preview:large","max-video-preview":"max-video-preview:-1"},"canonical":"https:\/\/masterrats.com\/es\/boda\/","og_locale":"es_ES","og_type":"article","og_title":"Boda - Mas Terrats","og_description":"SI BUSQUEU EL LLOC PERFECTE PER LA VOSTRA CELEBRACI\u00d3, LA VOSTRA RECERCA ACABA A MAS TERRATS! El cam\u00ed fins aqu\u00ed pot no haver estat f\u00e0cil, potser haureu trobat alguns entrebancs. Sigui com sigui, estem molt contents que h\u00e0giu pres la decisi\u00f3 de continuar-lo aqu\u00ed. Amb nosaltres. Benvinguts a Mas Terrats. Des de fa molts anys, [&hellip;]","og_url":"https:\/\/masterrats.com\/es\/boda\/","og_site_name":"Mas Terrats","article_publisher":"https:\/\/www.facebook.com\/MasTerratsEmporda\/","article_modified_time":"2024-03-19T20:22:50+00:00","og_image":[{"url":"http:\/\/masterrats.com\/wp-content\/uploads\/2017\/07\/MT-Icone-clau.png","type":"","width":"","height":""}],"twitter_card":"summary_large_image","twitter_misc":{"Tiempo de lectura":"3 minutos"},"schema":{"@context":"https:\/\/schema.org","@graph":[{"@type":"WebPage","@id":"https:\/\/masterrats.com\/es\/boda\/","url":"https:\/\/masterrats.com\/es\/boda\/","name":"Boda - Mas Terrats","isPartOf":{"@id":"https:\/\/masterrats.com\/en\/#website"},"primaryImageOfPage":{"@id":"https:\/\/masterrats.com\/es\/boda\/#primaryimage"},"image":{"@id":"https:\/\/masterrats.com\/es\/boda\/#primaryimage"},"thumbnailUrl":"http:\/\/masterrats.com\/wp-content\/uploads\/2017\/07\/MT-Icone-clau.png","datePublished":"2016-12-07T11:46:41+00:00","dateModified":"2024-03-19T20:22:50+00:00","breadcrumb":{"@id":"https:\/\/masterrats.com\/es\/boda\/#breadcrumb"},"inLanguage":"es","potentialAction":[{"@type":"ReadAction","target":["https:\/\/masterrats.com\/es\/boda\/"]}]},{"@type":"ImageObject","inLanguage":"es","@id":"https:\/\/masterrats.com\/es\/boda\/#primaryimage","url":"http:\/\/masterrats.com\/wp-content\/uploads\/2017\/07\/MT-Icone-clau.png","contentUrl":"http:\/\/masterrats.com\/wp-content\/uploads\/2017\/07\/MT-Icone-clau.png"},{"@type":"BreadcrumbList","@id":"https:\/\/masterrats.com\/es\/boda\/#breadcrumb","itemListElement":[{"@type":"ListItem","position":1,"name":"Inici","item":"https:\/\/masterrats.com\/en\/"},{"@type":"ListItem","position":2,"name":"Boda"}]},{"@type":"WebSite","@id":"https:\/\/masterrats.com\/en\/#website","url":"https:\/\/masterrats.com\/en\/","name":"Mas Terrats","description":"Tinc una casa a l&#039;Empord\u00e0","publisher":{"@id":"https:\/\/masterrats.com\/en\/#organization"},"potentialAction":[{"@type":"SearchAction","target":{"@type":"EntryPoint","urlTemplate":"https:\/\/masterrats.com\/en\/?s={search_term_string}"},"query-input":{"@type":"PropertyValueSpecification","valueRequired":true,"valueName":"search_term_string"}}],"inLanguage":"es"},{"@type":"Organization","@id":"https:\/\/masterrats.com\/en\/#organization","name":"Mas Terrats","url":"https:\/\/masterrats.com\/en\/","logo":{"@type":"ImageObject","inLanguage":"es","@id":"https:\/\/masterrats.com\/en\/#\/schema\/logo\/image\/","url":"https:\/\/masterrats.com\/wp-content\/uploads\/2017\/07\/masterrats_header.png","contentUrl":"https:\/\/masterrats.com\/wp-content\/uploads\/2017\/07\/masterrats_header.png","width":"360","height":"76","caption":"Mas Terrats"},"image":{"@id":"https:\/\/masterrats.com\/en\/#\/schema\/logo\/image\/"},"sameAs":["https:\/\/www.facebook.com\/MasTerratsEmporda\/","https:\/\/www.instagram.com\/masterrats\/"]}]}},"_links":{"self":[{"href":"https:\/\/masterrats.com\/es\/wp-json\/wp\/v2\/pages\/384","targetHints":{"allow":["GET"]}}],"collection":[{"href":"https:\/\/masterrats.com\/es\/wp-json\/wp\/v2\/pages"}],"about":[{"href":"https:\/\/masterrats.com\/es\/wp-json\/wp\/v2\/types\/page"}],"author":[{"embeddable":true,"href":"https:\/\/masterrats.com\/es\/wp-json\/wp\/v2\/users\/2"}],"replies":[{"embeddable":true,"href":"https:\/\/masterrats.com\/es\/wp-json\/wp\/v2\/comments?post=384"}],"version-history":[{"count":48,"href":"https:\/\/masterrats.com\/es\/wp-json\/wp\/v2\/pages\/384\/revisions"}],"predecessor-version":[{"id":4705,"href":"https:\/\/masterrats.com\/es\/wp-json\/wp\/v2\/pages\/384\/revisions\/4705"}],"wp:attachment":[{"href":"https:\/\/masterrats.com\/es\/wp-json\/wp\/v2\/media?parent=384"}],"curies":[{"name":"wp","href":"https:\/\/api.w.org\/{rel}","templated":true}]}}