{"id":203,"date":"2017-01-04T21:34:08","date_gmt":"2017-01-04T20:34:08","guid":{"rendered":"http:\/\/masterrats.com\/?page_id=203\/"},"modified":"2021-12-10T14:30:07","modified_gmt":"2021-12-10T12:30:07","slug":"aviso-legal","status":"publish","type":"page","link":"https:\/\/masterrats.com\/es\/aviso-legal\/","title":{"rendered":"Aviso legal"},"content":{"rendered":"<p><strong>AVISO LEGAL<\/strong><\/p>\n<p>El <a href=\"https:\/\/inspirationalwomenseries.org\/latin-women\/uruguay-women\/\">Uruguay women<\/a> web y el dominio masterrats.com corresponden y pertenecen a la empresa Mas Terrats de Romany\u00e0, SL con CIF B17515511. La empresa est\u00e1 domiciliada cam\u00ed dels masos de Romany\u00e0, 17773 Pont\u00f3s, tel\u00e9fono de contacto 636 460 544 y direcci\u00f3n electr\u00f3nica: info@masterrats.com<\/p>\n<p>&nbsp;<\/p>\n<p><strong>PROPIEDAD INTELECTUAL<\/strong><\/p>\n<p>Los contenidos de este sitio web, incluyendo los textos, im\u00e1genes y dise\u00f1os gr\u00e1ficos, pertenecen a Mas Terrats de Romany\u00e0, SL, o a terceros que han autorizado su uso. Mas Terrats de Romany\u00e0, SL presenta estos contenidos con las finalidades de informaci\u00f3n y publicidad. Mas Terrats de Romany\u00e0, SL autoriza la utilizaci\u00f3n exclusivamente con estas finalidades. Cualquier utilizaci\u00f3n de estos dise\u00f1os, im\u00e1genes o textos tendr\u00e1 que citar expresamente su pertenencia a Mas Terrats de Romany\u00e0, SL, que se reserva el derecho a iniciar las acciones legales oportunas para reparar los da\u00f1os y perjuicios causados por cualquier acto que vulnere sus derechos de propiedad intelectual.<\/p>\n<p>No se autorizan presentaciones de los contenidos de este lugar en una ventana ajena a masterrats.com (framing).<\/p>\n<p>Queda autorizado el establecimiento de enlaces hacia este sitio web.<\/p>\n<p>&nbsp;<\/p>\n<p><strong>PROTECCI\u00d3N DE DATOS<\/strong><\/p>\n<p>En cumplimiento con el que prev\u00e9 el art\u00edculo 5 de la ley org\u00e1nica 15\/1999, del 13 de diciembre, de Protecci\u00f3n de Datos de Car\u00e1cter Personal, Mas Terrats de Romany\u00e0, SL informa que todos los datos de los usuarios de este sitio web son tratados con el m\u00e1ximo de confidencialidad. Ser\u00e1n utilizados \u00fanicamente para responder a las solicitudes de informaci\u00f3n o para elaborar los presupuestos solicitados. No se registrar\u00e1n en ning\u00fan fichero si no se establece una relaci\u00f3n comercial ni se ceder\u00e1n a terceros sin el consentimiento de sus titulares.<\/p>\n<p>&nbsp;<\/p>\n<p><strong>RESPONSABILIDAD SOBRE LOS CONTENIDOS<\/strong><\/p>\n<p>A pesar de que Mas Terrats de Romany\u00e0, SL act\u00faa con el m\u00e1ximo de diligencia posible, se puede dar el caso que alguna informaci\u00f3n no est\u00e9 del todo actualizada en el momento en que el usuario del sitio web lo consulte.<\/p>\n<p>El propietario no se responsabiliza de los errores u omisiones que puedan afectar sus contenidos. Mas Terrats de Romany\u00e0, SL y sus representantes legales no podr\u00e1n ser considerados responsables por ning\u00fan da\u00f1o derivado de la utilizaci\u00f3n de este sitio web, ni por la actuaci\u00f3n realizada en base a la informaci\u00f3n que se facilita. As\u00ed pues, no se hace responsable de las informaciones, conceptos y opiniones que sean emitidos, publicados o distribuidos a trav\u00e9s de sus sitios web por medio de enlaces de terceros, o por cualquier de los servicios que se vinculan o relacionan con las p\u00e1ginas enlazadas.<\/p>\n<p>Mas Terrats de Romany\u00e0, SL se reserva el derecho a modificar unilateralmente, en cualquier momento y sin aviso previo, la presentaci\u00f3n, configuraci\u00f3n y contenidos del web.<\/p>\n<p>&nbsp;<\/p>\n<p><strong>UTILITZACI\u00d3N DE COOKIES<\/strong><\/p>\n<p>Mas Terrats de Romany\u00e0, SL informa que este sitio web utiliza cookies propias. Estas cookies permiten controlar los datos de navegaci\u00f3n del usuario a efectos de hacer m\u00e1s c\u00f3modo y r\u00e1pida la comunicaci\u00f3n que se establece entre \u00e9l y el sitio web de Mas Terrats de Romany\u00e0, SL. La vigencia de estas cookies es la estimada necesaria para conseguir estos objetivos. Mas Terrats de Romany\u00e0, SL tambi\u00e9n utiliza cookies de terceros para analizar la navegaci\u00f3n a su sitio web y cookies de redes sociales para compartir el contenido. Obtendr\u00e9is m\u00e1s informaci\u00f3n sobre estas cookies de Google <a href=\"https:\/\/developers.google.com\/analytics\/devguides\/collection\/analyticsjs\/cookie-usage?hl=es\" target=\"_blank\" rel=\"noopener noreferrer\">en este enlace<\/a>. Para las cookies de redes sociales, consultar con cada red social.<\/p>\n<p>El usuario tiene la posibilidad de configurar sus navegadores de Internet para obtener un mejor conocimiento y control de las cookies. Puede ser advertido previamente a su instalaci\u00f3n e impedirla si es su voluntad.<\/p>\n<p>&nbsp;<\/p>\n<p><strong>CONDICIONES DE USO<\/strong><\/p>\n<p>El uso de este sitio web implica la aceptaci\u00f3n llena de los t\u00e9rminos y condiciones del presente aviso legal. Los posibles conflictos relativos en este web se regir\u00e1n exclusivamente por el derecho del Estado espa\u00f1ol. Toda persona usuaria del web, independientemente de la jurisdicci\u00f3n territorial desde la cual se produzca su acceso, acepta el cumplimiento y respecto de estas cl\u00e1usulas con renuncia expresa a cualquiera otro fuero que le pudiera corresponder.<\/p>\n<p>&nbsp;<\/p>\n","protected":false},"excerpt":{"rendered":"<p>AVISO LEGAL El Uruguay women web y el dominio masterrats.com corresponden y pertenecen a la empresa Mas Terrats de Romany\u00e0, SL con CIF B17515511. La empresa est\u00e1 domiciliada cam\u00ed dels masos de Romany\u00e0, 17773 Pont\u00f3s, tel\u00e9fono de contacto 636 460 544 y direcci\u00f3n electr\u00f3nica: info@masterrats.com &nbsp; PROPIEDAD INTELECTUAL Los contenidos de este sitio web, incluyendo [&hellip;]<\/p>\n","protected":false},"author":2,"featured_media":0,"parent":0,"menu_order":0,"comment_status":"closed","ping_status":"closed","template":"","meta":{"_genesis_hide_title":false,"_genesis_hide_breadcrumbs":false,"_genesis_hide_singular_image":false,"_genesis_hide_footer_widgets":false,"_genesis_custom_body_class":"","_genesis_custom_post_class":"","_genesis_layout":"full-width-content","footnotes":""},"class_list":{"0":"post-203","1":"page","2":"type-page","3":"status-publish","5":"entry"},"yoast_head":"<!-- This site is optimized with the Yoast SEO plugin v25.9 - https:\/\/yoast.com\/wordpress\/plugins\/seo\/ -->\n<title>Aviso legal - Mas Terrats<\/title>\n<meta name=\"robots\" content=\"noindex, nofollow\" \/>\n<meta property=\"og:locale\" content=\"es_ES\" \/>\n<meta property=\"og:type\" content=\"article\" \/>\n<meta property=\"og:title\" content=\"Aviso legal - Mas Terrats\" \/>\n<meta property=\"og:description\" content=\"AVISO LEGAL El Uruguay women web y el dominio masterrats.com corresponden y pertenecen a la empresa Mas Terrats de Romany\u00e0, SL con CIF B17515511. La empresa est\u00e1 domiciliada cam\u00ed dels masos de Romany\u00e0, 17773 Pont\u00f3s, tel\u00e9fono de contacto 636 460 544 y direcci\u00f3n electr\u00f3nica: info@masterrats.com &nbsp; PROPIEDAD INTELECTUAL Los contenidos de este sitio web, incluyendo [&hellip;]\" \/>\n<meta property=\"og:url\" content=\"https:\/\/masterrats.com\/es\/aviso-legal\/\" \/>\n<meta property=\"og:site_name\" content=\"Mas Terrats\" \/>\n<meta property=\"article:publisher\" content=\"https:\/\/www.facebook.com\/MasTerratsEmporda\/\" \/>\n<meta property=\"article:modified_time\" content=\"2021-12-10T12:30:07+00:00\" \/>\n<meta name=\"twitter:card\" content=\"summary_large_image\" \/>\n<meta name=\"twitter:label1\" content=\"Tiempo de lectura\" \/>\n\t<meta name=\"twitter:data1\" content=\"4 minutos\" \/>\n<script type=\"application\/ld+json\" class=\"yoast-schema-graph\">{\"@context\":\"https:\/\/schema.org\",\"@graph\":[{\"@type\":\"WebPage\",\"@id\":\"https:\/\/masterrats.com\/es\/aviso-legal\/\",\"url\":\"https:\/\/masterrats.com\/es\/aviso-legal\/\",\"name\":\"Aviso legal - Mas Terrats\",\"isPartOf\":{\"@id\":\"https:\/\/masterrats.com\/en\/#website\"},\"datePublished\":\"2017-01-04T20:34:08+00:00\",\"dateModified\":\"2021-12-10T12:30:07+00:00\",\"breadcrumb\":{\"@id\":\"https:\/\/masterrats.com\/es\/aviso-legal\/#breadcrumb\"},\"inLanguage\":\"es\",\"potentialAction\":[{\"@type\":\"ReadAction\",\"target\":[\"https:\/\/masterrats.com\/es\/aviso-legal\/\"]}]},{\"@type\":\"BreadcrumbList\",\"@id\":\"https:\/\/masterrats.com\/es\/aviso-legal\/#breadcrumb\",\"itemListElement\":[{\"@type\":\"ListItem\",\"position\":1,\"name\":\"Inici\",\"item\":\"https:\/\/masterrats.com\/en\/\"},{\"@type\":\"ListItem\",\"position\":2,\"name\":\"Aviso legal\"}]},{\"@type\":\"WebSite\",\"@id\":\"https:\/\/masterrats.com\/en\/#website\",\"url\":\"https:\/\/masterrats.com\/en\/\",\"name\":\"Mas Terrats\",\"description\":\"Tinc una casa a l&#039;Empord\u00e0\",\"publisher\":{\"@id\":\"https:\/\/masterrats.com\/en\/#organization\"},\"potentialAction\":[{\"@type\":\"SearchAction\",\"target\":{\"@type\":\"EntryPoint\",\"urlTemplate\":\"https:\/\/masterrats.com\/en\/?s={search_term_string}\"},\"query-input\":{\"@type\":\"PropertyValueSpecification\",\"valueRequired\":true,\"valueName\":\"search_term_string\"}}],\"inLanguage\":\"es\"},{\"@type\":\"Organization\",\"@id\":\"https:\/\/masterrats.com\/en\/#organization\",\"name\":\"Mas Terrats\",\"url\":\"https:\/\/masterrats.com\/en\/\",\"logo\":{\"@type\":\"ImageObject\",\"inLanguage\":\"es\",\"@id\":\"https:\/\/masterrats.com\/en\/#\/schema\/logo\/image\/\",\"url\":\"https:\/\/masterrats.com\/wp-content\/uploads\/2017\/07\/masterrats_header.png\",\"contentUrl\":\"https:\/\/masterrats.com\/wp-content\/uploads\/2017\/07\/masterrats_header.png\",\"width\":\"360\",\"height\":\"76\",\"caption\":\"Mas Terrats\"},\"image\":{\"@id\":\"https:\/\/masterrats.com\/en\/#\/schema\/logo\/image\/\"},\"sameAs\":[\"https:\/\/www.facebook.com\/MasTerratsEmporda\/\",\"https:\/\/www.instagram.com\/masterrats\/\"]}]}<\/script>\n<!-- \/ Yoast SEO plugin. -->","yoast_head_json":{"title":"Aviso legal - Mas Terrats","robots":{"index":"noindex","follow":"nofollow"},"og_locale":"es_ES","og_type":"article","og_title":"Aviso legal - Mas Terrats","og_description":"AVISO LEGAL El Uruguay women web y el dominio masterrats.com corresponden y pertenecen a la empresa Mas Terrats de Romany\u00e0, SL con CIF B17515511. La empresa est\u00e1 domiciliada cam\u00ed dels masos de Romany\u00e0, 17773 Pont\u00f3s, tel\u00e9fono de contacto 636 460 544 y direcci\u00f3n electr\u00f3nica: info@masterrats.com &nbsp; PROPIEDAD INTELECTUAL Los contenidos de este sitio web, incluyendo [&hellip;]","og_url":"https:\/\/masterrats.com\/es\/aviso-legal\/","og_site_name":"Mas Terrats","article_publisher":"https:\/\/www.facebook.com\/MasTerratsEmporda\/","article_modified_time":"2021-12-10T12:30:07+00:00","twitter_card":"summary_large_image","twitter_misc":{"Tiempo de lectura":"4 minutos"},"schema":{"@context":"https:\/\/schema.org","@graph":[{"@type":"WebPage","@id":"https:\/\/masterrats.com\/es\/aviso-legal\/","url":"https:\/\/masterrats.com\/es\/aviso-legal\/","name":"Aviso legal - Mas Terrats","isPartOf":{"@id":"https:\/\/masterrats.com\/en\/#website"},"datePublished":"2017-01-04T20:34:08+00:00","dateModified":"2021-12-10T12:30:07+00:00","breadcrumb":{"@id":"https:\/\/masterrats.com\/es\/aviso-legal\/#breadcrumb"},"inLanguage":"es","potentialAction":[{"@type":"ReadAction","target":["https:\/\/masterrats.com\/es\/aviso-legal\/"]}]},{"@type":"BreadcrumbList","@id":"https:\/\/masterrats.com\/es\/aviso-legal\/#breadcrumb","itemListElement":[{"@type":"ListItem","position":1,"name":"Inici","item":"https:\/\/masterrats.com\/en\/"},{"@type":"ListItem","position":2,"name":"Aviso legal"}]},{"@type":"WebSite","@id":"https:\/\/masterrats.com\/en\/#website","url":"https:\/\/masterrats.com\/en\/","name":"Mas Terrats","description":"Tinc una casa a l&#039;Empord\u00e0","publisher":{"@id":"https:\/\/masterrats.com\/en\/#organization"},"potentialAction":[{"@type":"SearchAction","target":{"@type":"EntryPoint","urlTemplate":"https:\/\/masterrats.com\/en\/?s={search_term_string}"},"query-input":{"@type":"PropertyValueSpecification","valueRequired":true,"valueName":"search_term_string"}}],"inLanguage":"es"},{"@type":"Organization","@id":"https:\/\/masterrats.com\/en\/#organization","name":"Mas Terrats","url":"https:\/\/masterrats.com\/en\/","logo":{"@type":"ImageObject","inLanguage":"es","@id":"https:\/\/masterrats.com\/en\/#\/schema\/logo\/image\/","url":"https:\/\/masterrats.com\/wp-content\/uploads\/2017\/07\/masterrats_header.png","contentUrl":"https:\/\/masterrats.com\/wp-content\/uploads\/2017\/07\/masterrats_header.png","width":"360","height":"76","caption":"Mas Terrats"},"image":{"@id":"https:\/\/masterrats.com\/en\/#\/schema\/logo\/image\/"},"sameAs":["https:\/\/www.facebook.com\/MasTerratsEmporda\/","https:\/\/www.instagram.com\/masterrats\/"]}]}},"_links":{"self":[{"href":"https:\/\/masterrats.com\/es\/wp-json\/wp\/v2\/pages\/203","targetHints":{"allow":["GET"]}}],"collection":[{"href":"https:\/\/masterrats.com\/es\/wp-json\/wp\/v2\/pages"}],"about":[{"href":"https:\/\/masterrats.com\/es\/wp-json\/wp\/v2\/types\/page"}],"author":[{"embeddable":true,"href":"https:\/\/masterrats.com\/es\/wp-json\/wp\/v2\/users\/2"}],"replies":[{"embeddable":true,"href":"https:\/\/masterrats.com\/es\/wp-json\/wp\/v2\/comments?post=203"}],"version-history":[{"count":4,"href":"https:\/\/masterrats.com\/es\/wp-json\/wp\/v2\/pages\/203\/revisions"}],"predecessor-version":[{"id":2835,"href":"https:\/\/masterrats.com\/es\/wp-json\/wp\/v2\/pages\/203\/revisions\/2835"}],"wp:attachment":[{"href":"https:\/\/masterrats.com\/es\/wp-json\/wp\/v2\/media?parent=203"}],"curies":[{"name":"wp","href":"https:\/\/api.w.org\/{rel}","templated":true}]}}