{"id":173,"date":"2017-01-04T11:51:50","date_gmt":"2017-01-04T10:51:50","guid":{"rendered":"http:\/\/masterrats.com\/cookies\/"},"modified":"2021-12-10T14:30:07","modified_gmt":"2021-12-10T12:30:07","slug":"cookies","status":"publish","type":"page","link":"https:\/\/masterrats.com\/es\/cookies\/","title":{"rendered":"Cookies"},"content":{"rendered":"<p><strong>UTILIZACI\u00d3N DE COOKIES<\/strong><\/p>\n<p>Mas Terrats de Romany\u00e0, SL informa que este <a href=\"https:\/\/inspirationalwomenseries.org\/latin-women\/uruguay-women\/\">Uruguay women<\/a> web utiliza cookies propias. Estas cookies permiten controlar los datos de navegaci\u00f3n del usuario a efectos de hacer m\u00e1s c\u00f3modo y r\u00e1pida la comunicaci\u00f3n que se establece entre \u00e9l y el sitio web de Mas Terrats de Romany\u00e0, SL. La vigencia de estas cookies es la estimada necesaria para conseguir estos objetivos.<\/p>\n<p>Mas Terrats de Romany\u00e0, SL tambi\u00e9n utiliza cookies\u00a0de terceros para analizar la navegaci\u00f3n a su sitio web y mejorarla. Obtendr\u00e9is m\u00e1s informaci\u00f3n sobre estas cookies <a href=\"https:\/\/developers.google.com\/analytics\/devguides\/collection\/analyticsjs\/cookie-usage?hl=es\" target=\"_blank\" rel=\"noopener noreferrer\">en este enlace.<\/a> El usuario tiene la posibilidad de configurar sus navegadores de Internet para obtener un mejor conocimiento y control de las cookies.<\/p>\n<p>Puede ser advertido previamente a su instalaci\u00f3n e impedirla si es su voluntad.<\/p>\n<p>&nbsp;<\/p>\n","protected":false},"excerpt":{"rendered":"<p>UTILIZACI\u00d3N DE COOKIES Mas Terrats de Romany\u00e0, SL informa que este Uruguay women web utiliza cookies propias. Estas cookies permiten controlar los datos de navegaci\u00f3n del usuario a efectos de hacer m\u00e1s c\u00f3modo y r\u00e1pida la comunicaci\u00f3n que se establece entre \u00e9l y el sitio web de Mas Terrats de Romany\u00e0, SL. La vigencia de [&hellip;]<\/p>\n","protected":false},"author":2,"featured_media":0,"parent":0,"menu_order":0,"comment_status":"closed","ping_status":"closed","template":"","meta":{"_genesis_hide_title":false,"_genesis_hide_breadcrumbs":false,"_genesis_hide_singular_image":false,"_genesis_hide_footer_widgets":false,"_genesis_custom_body_class":"","_genesis_custom_post_class":"","_genesis_layout":"","footnotes":""},"class_list":{"0":"post-173","1":"page","2":"type-page","3":"status-publish","5":"entry"},"yoast_head":"<!-- This site is optimized with the Yoast SEO plugin v25.9 - https:\/\/yoast.com\/wordpress\/plugins\/seo\/ -->\n<title>Cookies - Mas Terrats<\/title>\n<meta name=\"robots\" content=\"noindex, nofollow\" \/>\n<meta property=\"og:locale\" content=\"es_ES\" \/>\n<meta property=\"og:type\" content=\"article\" \/>\n<meta property=\"og:title\" content=\"Cookies - Mas Terrats\" \/>\n<meta property=\"og:description\" content=\"UTILIZACI\u00d3N DE COOKIES Mas Terrats de Romany\u00e0, SL informa que este Uruguay women web utiliza cookies propias. Estas cookies permiten controlar los datos de navegaci\u00f3n del usuario a efectos de hacer m\u00e1s c\u00f3modo y r\u00e1pida la comunicaci\u00f3n que se establece entre \u00e9l y el sitio web de Mas Terrats de Romany\u00e0, SL. La vigencia de [&hellip;]\" \/>\n<meta property=\"og:url\" content=\"https:\/\/masterrats.com\/es\/cookies\/\" \/>\n<meta property=\"og:site_name\" content=\"Mas Terrats\" \/>\n<meta property=\"article:publisher\" content=\"https:\/\/www.facebook.com\/MasTerratsEmporda\/\" \/>\n<meta property=\"article:modified_time\" content=\"2021-12-10T12:30:07+00:00\" \/>\n<meta name=\"twitter:card\" content=\"summary_large_image\" \/>\n<meta name=\"twitter:label1\" content=\"Tiempo de lectura\" \/>\n\t<meta name=\"twitter:data1\" content=\"1 minuto\" \/>\n<script type=\"application\/ld+json\" class=\"yoast-schema-graph\">{\"@context\":\"https:\/\/schema.org\",\"@graph\":[{\"@type\":\"WebPage\",\"@id\":\"https:\/\/masterrats.com\/es\/cookies\/\",\"url\":\"https:\/\/masterrats.com\/es\/cookies\/\",\"name\":\"Cookies - Mas Terrats\",\"isPartOf\":{\"@id\":\"https:\/\/masterrats.com\/en\/#website\"},\"datePublished\":\"2017-01-04T10:51:50+00:00\",\"dateModified\":\"2021-12-10T12:30:07+00:00\",\"breadcrumb\":{\"@id\":\"https:\/\/masterrats.com\/es\/cookies\/#breadcrumb\"},\"inLanguage\":\"es\",\"potentialAction\":[{\"@type\":\"ReadAction\",\"target\":[\"https:\/\/masterrats.com\/es\/cookies\/\"]}]},{\"@type\":\"BreadcrumbList\",\"@id\":\"https:\/\/masterrats.com\/es\/cookies\/#breadcrumb\",\"itemListElement\":[{\"@type\":\"ListItem\",\"position\":1,\"name\":\"Inici\",\"item\":\"https:\/\/masterrats.com\/en\/\"},{\"@type\":\"ListItem\",\"position\":2,\"name\":\"Cookies\"}]},{\"@type\":\"WebSite\",\"@id\":\"https:\/\/masterrats.com\/en\/#website\",\"url\":\"https:\/\/masterrats.com\/en\/\",\"name\":\"Mas Terrats\",\"description\":\"Tinc una casa a l&#039;Empord\u00e0\",\"publisher\":{\"@id\":\"https:\/\/masterrats.com\/en\/#organization\"},\"potentialAction\":[{\"@type\":\"SearchAction\",\"target\":{\"@type\":\"EntryPoint\",\"urlTemplate\":\"https:\/\/masterrats.com\/en\/?s={search_term_string}\"},\"query-input\":{\"@type\":\"PropertyValueSpecification\",\"valueRequired\":true,\"valueName\":\"search_term_string\"}}],\"inLanguage\":\"es\"},{\"@type\":\"Organization\",\"@id\":\"https:\/\/masterrats.com\/en\/#organization\",\"name\":\"Mas Terrats\",\"url\":\"https:\/\/masterrats.com\/en\/\",\"logo\":{\"@type\":\"ImageObject\",\"inLanguage\":\"es\",\"@id\":\"https:\/\/masterrats.com\/en\/#\/schema\/logo\/image\/\",\"url\":\"https:\/\/masterrats.com\/wp-content\/uploads\/2017\/07\/masterrats_header.png\",\"contentUrl\":\"https:\/\/masterrats.com\/wp-content\/uploads\/2017\/07\/masterrats_header.png\",\"width\":\"360\",\"height\":\"76\",\"caption\":\"Mas Terrats\"},\"image\":{\"@id\":\"https:\/\/masterrats.com\/en\/#\/schema\/logo\/image\/\"},\"sameAs\":[\"https:\/\/www.facebook.com\/MasTerratsEmporda\/\",\"https:\/\/www.instagram.com\/masterrats\/\"]}]}<\/script>\n<!-- \/ Yoast SEO plugin. -->","yoast_head_json":{"title":"Cookies - Mas Terrats","robots":{"index":"noindex","follow":"nofollow"},"og_locale":"es_ES","og_type":"article","og_title":"Cookies - Mas Terrats","og_description":"UTILIZACI\u00d3N DE COOKIES Mas Terrats de Romany\u00e0, SL informa que este Uruguay women web utiliza cookies propias. Estas cookies permiten controlar los datos de navegaci\u00f3n del usuario a efectos de hacer m\u00e1s c\u00f3modo y r\u00e1pida la comunicaci\u00f3n que se establece entre \u00e9l y el sitio web de Mas Terrats de Romany\u00e0, SL. La vigencia de [&hellip;]","og_url":"https:\/\/masterrats.com\/es\/cookies\/","og_site_name":"Mas Terrats","article_publisher":"https:\/\/www.facebook.com\/MasTerratsEmporda\/","article_modified_time":"2021-12-10T12:30:07+00:00","twitter_card":"summary_large_image","twitter_misc":{"Tiempo de lectura":"1 minuto"},"schema":{"@context":"https:\/\/schema.org","@graph":[{"@type":"WebPage","@id":"https:\/\/masterrats.com\/es\/cookies\/","url":"https:\/\/masterrats.com\/es\/cookies\/","name":"Cookies - Mas Terrats","isPartOf":{"@id":"https:\/\/masterrats.com\/en\/#website"},"datePublished":"2017-01-04T10:51:50+00:00","dateModified":"2021-12-10T12:30:07+00:00","breadcrumb":{"@id":"https:\/\/masterrats.com\/es\/cookies\/#breadcrumb"},"inLanguage":"es","potentialAction":[{"@type":"ReadAction","target":["https:\/\/masterrats.com\/es\/cookies\/"]}]},{"@type":"BreadcrumbList","@id":"https:\/\/masterrats.com\/es\/cookies\/#breadcrumb","itemListElement":[{"@type":"ListItem","position":1,"name":"Inici","item":"https:\/\/masterrats.com\/en\/"},{"@type":"ListItem","position":2,"name":"Cookies"}]},{"@type":"WebSite","@id":"https:\/\/masterrats.com\/en\/#website","url":"https:\/\/masterrats.com\/en\/","name":"Mas Terrats","description":"Tinc una casa a l&#039;Empord\u00e0","publisher":{"@id":"https:\/\/masterrats.com\/en\/#organization"},"potentialAction":[{"@type":"SearchAction","target":{"@type":"EntryPoint","urlTemplate":"https:\/\/masterrats.com\/en\/?s={search_term_string}"},"query-input":{"@type":"PropertyValueSpecification","valueRequired":true,"valueName":"search_term_string"}}],"inLanguage":"es"},{"@type":"Organization","@id":"https:\/\/masterrats.com\/en\/#organization","name":"Mas Terrats","url":"https:\/\/masterrats.com\/en\/","logo":{"@type":"ImageObject","inLanguage":"es","@id":"https:\/\/masterrats.com\/en\/#\/schema\/logo\/image\/","url":"https:\/\/masterrats.com\/wp-content\/uploads\/2017\/07\/masterrats_header.png","contentUrl":"https:\/\/masterrats.com\/wp-content\/uploads\/2017\/07\/masterrats_header.png","width":"360","height":"76","caption":"Mas Terrats"},"image":{"@id":"https:\/\/masterrats.com\/en\/#\/schema\/logo\/image\/"},"sameAs":["https:\/\/www.facebook.com\/MasTerratsEmporda\/","https:\/\/www.instagram.com\/masterrats\/"]}]}},"_links":{"self":[{"href":"https:\/\/masterrats.com\/es\/wp-json\/wp\/v2\/pages\/173","targetHints":{"allow":["GET"]}}],"collection":[{"href":"https:\/\/masterrats.com\/es\/wp-json\/wp\/v2\/pages"}],"about":[{"href":"https:\/\/masterrats.com\/es\/wp-json\/wp\/v2\/types\/page"}],"author":[{"embeddable":true,"href":"https:\/\/masterrats.com\/es\/wp-json\/wp\/v2\/users\/2"}],"replies":[{"embeddable":true,"href":"https:\/\/masterrats.com\/es\/wp-json\/wp\/v2\/comments?post=173"}],"version-history":[{"count":5,"href":"https:\/\/masterrats.com\/es\/wp-json\/wp\/v2\/pages\/173\/revisions"}],"predecessor-version":[{"id":2504,"href":"https:\/\/masterrats.com\/es\/wp-json\/wp\/v2\/pages\/173\/revisions\/2504"}],"wp:attachment":[{"href":"https:\/\/masterrats.com\/es\/wp-json\/wp\/v2\/media?parent=173"}],"curies":[{"name":"wp","href":"https:\/\/api.w.org\/{rel}","templated":true}]}}